{"id":3607,"date":"2025-10-07T12:40:30","date_gmt":"2025-10-07T10:40:30","guid":{"rendered":"https:\/\/prueba.esclerosismultiplegalicia.org\/?page_id=3607"},"modified":"2026-01-14T11:15:53","modified_gmt":"2026-01-14T10:15:53","slug":"servizos","status":"publish","type":"page","link":"https:\/\/esclerosismultiplegalicia.org\/index.php\/servizos\/","title":{"rendered":"Servizos"},"content":{"rendered":"\t\t<div data-elementor-type=\"wp-page\" data-elementor-id=\"3607\" class=\"elementor elementor-3607\" data-elementor-post-type=\"page\">\n\t\t\t\t<div class=\"elementor-element elementor-element-8e11aea e-flex e-con-boxed e-con e-parent\" data-id=\"8e11aea\" data-element_type=\"container\" data-settings=\"{&quot;background_background&quot;:&quot;classic&quot;}\">\n\t\t\t\t\t<div class=\"e-con-inner\">\n\t\t\t\t<div class=\"elementor-element elementor-element-4f24a3d elementor-widget elementor-widget-spacer\" data-id=\"4f24a3d\" data-element_type=\"widget\" data-widget_type=\"spacer.default\">\n\t\t\t\t<div class=\"elementor-widget-container\">\n\t\t\t\t\t\t\t<div class=\"elementor-spacer\">\n\t\t\t<div class=\"elementor-spacer-inner\"><\/div>\n\t\t<\/div>\n\t\t\t\t\t\t<\/div>\n\t\t\t\t<\/div>\n\t\t\t\t<div class=\"elementor-element elementor-element-084bc61 elementor-widget elementor-widget-heading\" data-id=\"084bc61\" data-element_type=\"widget\" data-widget_type=\"heading.default\">\n\t\t\t\t<div class=\"elementor-widget-container\">\n\t\t\t\t\t<h1 class=\"elementor-heading-title elementor-size-default\">Servizos<\/h1>\t\t\t\t<\/div>\n\t\t\t\t<\/div>\n\t\t\t\t<div class=\"elementor-element elementor-element-62189ab elementor-widget elementor-widget-heading\" data-id=\"62189ab\" data-element_type=\"widget\" data-widget_type=\"heading.default\">\n\t\t\t\t<div class=\"elementor-widget-container\">\n\t\t\t\t\t<h3 class=\"elementor-heading-title elementor-size-default\">En FEGADEM contamos cunha serie de servizos que prestamos dende a propia Federaci\u00f3n. Se precisas alg\u00fan servizo que non se recolla aqu\u00ed, por favor, contacte connosco e derivar\u00e9moste \u00e1 asociaci\u00f3n que mellor se adapte \u00e1 t\u00faa situaci\u00f3n.<\/h3>\t\t\t\t<\/div>\n\t\t\t\t<\/div>\n\t\t\t\t<div class=\"elementor-element elementor-element-5a80cc9 elementor-widget elementor-widget-spacer\" data-id=\"5a80cc9\" data-element_type=\"widget\" data-widget_type=\"spacer.default\">\n\t\t\t\t<div class=\"elementor-widget-container\">\n\t\t\t\t\t\t\t<div class=\"elementor-spacer\">\n\t\t\t<div class=\"elementor-spacer-inner\"><\/div>\n\t\t<\/div>\n\t\t\t\t\t\t<\/div>\n\t\t\t\t<\/div>\n\t\t\t\t\t<\/div>\n\t\t\t\t<\/div>\n\t\t<div class=\"elementor-element elementor-element-7312d83 e-flex e-con-boxed e-con e-parent\" data-id=\"7312d83\" data-element_type=\"container\">\n\t\t\t\t\t<div class=\"e-con-inner\">\n\t\t\t\t<div class=\"elementor-element elementor-element-d383b21 elementor-widget elementor-widget-spacer\" data-id=\"d383b21\" data-element_type=\"widget\" data-widget_type=\"spacer.default\">\n\t\t\t\t<div class=\"elementor-widget-container\">\n\t\t\t\t\t\t\t<div class=\"elementor-spacer\">\n\t\t\t<div class=\"elementor-spacer-inner\"><\/div>\n\t\t<\/div>\n\t\t\t\t\t\t<\/div>\n\t\t\t\t<\/div>\n\t\t<div class=\"elementor-element elementor-element-63e398b e-grid e-con-full e-con e-child\" data-id=\"63e398b\" data-element_type=\"container\">\n\t\t\t\t<div class=\"elementor-element elementor-element-64542b3 elementor-view-default elementor-position-top elementor-mobile-position-top elementor-widget elementor-widget-icon-box\" data-id=\"64542b3\" data-element_type=\"widget\" data-widget_type=\"icon-box.default\">\n\t\t\t\t<div class=\"elementor-widget-container\">\n\t\t\t\t\t\t\t<div class=\"elementor-icon-box-wrapper\">\n\n\t\t\t\t\t\t<div class=\"elementor-icon-box-icon\">\n\t\t\t\t<a href=\"https:\/\/esclerosismultiplegalicia.org\/index.php\/informacion-orientacion-e-asesoramento\/\" class=\"elementor-icon\" tabindex=\"-1\" aria-label=\"Informaci\u00f3n, Orientaci\u00f3n e Asesoramento\">\n\t\t\t\t<svg aria-hidden=\"true\" class=\"e-font-icon-svg e-fas-info-circle\" viewBox=\"0 0 512 512\" xmlns=\"http:\/\/www.w3.org\/2000\/svg\"><path d=\"M256 8C119.043 8 8 119.083 8 256c0 136.997 111.043 248 248 248s248-111.003 248-248C504 119.083 392.957 8 256 8zm0 110c23.196 0 42 18.804 42 42s-18.804 42-42 42-42-18.804-42-42 18.804-42 42-42zm56 254c0 6.627-5.373 12-12 12h-88c-6.627 0-12-5.373-12-12v-24c0-6.627 5.373-12 12-12h12v-64h-12c-6.627 0-12-5.373-12-12v-24c0-6.627 5.373-12 12-12h64c6.627 0 12 5.373 12 12v100h12c6.627 0 12 5.373 12 12v24z\"><\/path><\/svg>\t\t\t\t<\/a>\n\t\t\t<\/div>\n\t\t\t\n\t\t\t\t\t\t<div class=\"elementor-icon-box-content\">\n\n\t\t\t\t\t\t\t\t\t<h3 class=\"elementor-icon-box-title\">\n\t\t\t\t\t\t<a href=\"https:\/\/esclerosismultiplegalicia.org\/index.php\/informacion-orientacion-e-asesoramento\/\" >\n\t\t\t\t\t\t\tInformaci\u00f3n, Orientaci\u00f3n e Asesoramento\t\t\t\t\t\t<\/a>\n\t\t\t\t\t<\/h3>\n\t\t\t\t\n\t\t\t\t\t\t\t\t\t<p class=\"elementor-icon-box-description\">\n\t\t\t\t\t\tEn FEGADEM ofrecemos apoio especializado \u00e1s persoas con Esclerose M\u00faltiple (EM), \u00e1s s\u00faas familias e \u00e1s entidades membro. O noso obxectivo \u00e9 garantir informaci\u00f3n fiable, orientaci\u00f3n pr\u00e1ctica e asesoramento para afrontar os retos da enfermidade.\t\t\t\t\t<\/p>\n\t\t\t\t\n\t\t\t<\/div>\n\t\t\t\n\t\t<\/div>\n\t\t\t\t\t\t<\/div>\n\t\t\t\t<\/div>\n\t\t\t\t<div class=\"elementor-element elementor-element-50ef618 elementor-view-default elementor-position-top elementor-mobile-position-top elementor-widget elementor-widget-icon-box\" data-id=\"50ef618\" data-element_type=\"widget\" data-widget_type=\"icon-box.default\">\n\t\t\t\t<div class=\"elementor-widget-container\">\n\t\t\t\t\t\t\t<div class=\"elementor-icon-box-wrapper\">\n\n\t\t\t\t\t\t<div class=\"elementor-icon-box-icon\">\n\t\t\t\t<a href=\"https:\/\/esclerosismultiplegalicia.org\/index.php\/servizo-xuridico\/\" class=\"elementor-icon\" tabindex=\"-1\" aria-label=\"Servizo xur\u00eddico\">\n\t\t\t\t<svg aria-hidden=\"true\" class=\"e-font-icon-svg e-fas-balance-scale\" viewBox=\"0 0 640 512\" xmlns=\"http:\/\/www.w3.org\/2000\/svg\"><path d=\"M256 336h-.02c0-16.18 1.34-8.73-85.05-181.51-17.65-35.29-68.19-35.36-85.87 0C-2.06 328.75.02 320.33.02 336H0c0 44.18 57.31 80 128 80s128-35.82 128-80zM128 176l72 144H56l72-144zm511.98 160c0-16.18 1.34-8.73-85.05-181.51-17.65-35.29-68.19-35.36-85.87 0-87.12 174.26-85.04 165.84-85.04 181.51H384c0 44.18 57.31 80 128 80s128-35.82 128-80h-.02zM440 320l72-144 72 144H440zm88 128H352V153.25c23.51-10.29 41.16-31.48 46.39-57.25H528c8.84 0 16-7.16 16-16V48c0-8.84-7.16-16-16-16H383.64C369.04 12.68 346.09 0 320 0s-49.04 12.68-63.64 32H112c-8.84 0-16 7.16-16 16v32c0 8.84 7.16 16 16 16h129.61c5.23 25.76 22.87 46.96 46.39 57.25V448H112c-8.84 0-16 7.16-16 16v32c0 8.84 7.16 16 16 16h416c8.84 0 16-7.16 16-16v-32c0-8.84-7.16-16-16-16z\"><\/path><\/svg>\t\t\t\t<\/a>\n\t\t\t<\/div>\n\t\t\t\n\t\t\t\t\t\t<div class=\"elementor-icon-box-content\">\n\n\t\t\t\t\t\t\t\t\t<h3 class=\"elementor-icon-box-title\">\n\t\t\t\t\t\t<a href=\"https:\/\/esclerosismultiplegalicia.org\/index.php\/servizo-xuridico\/\" >\n\t\t\t\t\t\t\tServizo xur\u00eddico\t\t\t\t\t\t<\/a>\n\t\t\t\t\t<\/h3>\n\t\t\t\t\n\t\t\t\t\t\t\t\t\t<p class=\"elementor-icon-box-description\">\n\t\t\t\t\t\tEn FEGADEM po\u00f1emos \u00e1 disposici\u00f3n das persoas socias das nosas entidades un servizo de asesoramento xur\u00eddico, en colaboraci\u00f3n coa Asesor\u00eda Xur\u00eddica FISELA (Grupo FSL). O obxectivo \u00e9 ofrecer apoio legal en cuesti\u00f3ns relacionadas coa discapacidade, dereitos sociais e procesos administrativos ou xudiciais.\t\t\t\t\t<\/p>\n\t\t\t\t\n\t\t\t<\/div>\n\t\t\t\n\t\t<\/div>\n\t\t\t\t\t\t<\/div>\n\t\t\t\t<\/div>\n\t\t\t\t<\/div>\n\t\t\t\t\t<\/div>\n\t\t\t\t<\/div>\n\t\t<div class=\"elementor-element elementor-element-199f0fd e-grid e-con-boxed e-con e-parent\" data-id=\"199f0fd\" data-element_type=\"container\">\n\t\t\t\t\t<div class=\"e-con-inner\">\n\t\t\t\t<div class=\"elementor-element elementor-element-ee5ca87 elementor-view-default elementor-position-top elementor-mobile-position-top elementor-widget elementor-widget-icon-box\" data-id=\"ee5ca87\" data-element_type=\"widget\" data-widget_type=\"icon-box.default\">\n\t\t\t\t<div class=\"elementor-widget-container\">\n\t\t\t\t\t\t\t<div class=\"elementor-icon-box-wrapper\">\n\n\t\t\t\t\t\t<div class=\"elementor-icon-box-icon\">\n\t\t\t\t<a href=\"https:\/\/esclerosismultiplegalicia.org\/index.php\/sensibilizacion-e-comunicacion\/\" class=\"elementor-icon\" tabindex=\"-1\" aria-label=\"Sensibilizaci\u00f3n e Comunicaci\u00f3n\">\n\t\t\t\t<svg aria-hidden=\"true\" class=\"e-font-icon-svg e-fas-bullhorn\" viewBox=\"0 0 576 512\" xmlns=\"http:\/\/www.w3.org\/2000\/svg\"><path d=\"M576 240c0-23.63-12.95-44.04-32-55.12V32.01C544 23.26 537.02 0 512 0c-7.12 0-14.19 2.38-19.98 7.02l-85.03 68.03C364.28 109.19 310.66 128 256 128H64c-35.35 0-64 28.65-64 64v96c0 35.35 28.65 64 64 64h33.7c-1.39 10.48-2.18 21.14-2.18 32 0 39.77 9.26 77.35 25.56 110.94 5.19 10.69 16.52 17.06 28.4 17.06h74.28c26.05 0 41.69-29.84 25.9-50.56-16.4-21.52-26.15-48.36-26.15-77.44 0-11.11 1.62-21.79 4.41-32H256c54.66 0 108.28 18.81 150.98 52.95l85.03 68.03a32.023 32.023 0 0 0 19.98 7.02c24.92 0 32-22.78 32-32V295.13C563.05 284.04 576 263.63 576 240zm-96 141.42l-33.05-26.44C392.95 311.78 325.12 288 256 288v-96c69.12 0 136.95-23.78 190.95-66.98L480 98.58v282.84z\"><\/path><\/svg>\t\t\t\t<\/a>\n\t\t\t<\/div>\n\t\t\t\n\t\t\t\t\t\t<div class=\"elementor-icon-box-content\">\n\n\t\t\t\t\t\t\t\t\t<h3 class=\"elementor-icon-box-title\">\n\t\t\t\t\t\t<a href=\"https:\/\/esclerosismultiplegalicia.org\/index.php\/sensibilizacion-e-comunicacion\/\" >\n\t\t\t\t\t\t\tSensibilizaci\u00f3n e Comunicaci\u00f3n\t\t\t\t\t\t<\/a>\n\t\t\t\t\t<\/h3>\n\t\t\t\t\n\t\t\t\t\t\t\t\t\t<p class=\"elementor-icon-box-description\">\n\t\t\t\t\t\tEn FEGADEM entendemos a comunicaci\u00f3n como unha ferramenta para visibilizar a EM, sensibilizar \u00e1 sociedade e fortalecer o tecido asociativo. A trav\u00e9s deste servizo apoiamos \u00e1s entidades membro e \u00e1s persoas con EM e familias, ofrecendo informaci\u00f3n veraz, recursos accesibles e espazos de participaci\u00f3n.\t\t\t\t\t<\/p>\n\t\t\t\t\n\t\t\t<\/div>\n\t\t\t\n\t\t<\/div>\n\t\t\t\t\t\t<\/div>\n\t\t\t\t<\/div>\n\t\t\t\t<div class=\"elementor-element elementor-element-a55eb9c elementor-view-default elementor-position-top elementor-mobile-position-top elementor-widget elementor-widget-icon-box\" data-id=\"a55eb9c\" data-element_type=\"widget\" data-widget_type=\"icon-box.default\">\n\t\t\t\t<div class=\"elementor-widget-container\">\n\t\t\t\t\t\t\t<div class=\"elementor-icon-box-wrapper\">\n\n\t\t\t\t\t\t<div class=\"elementor-icon-box-icon\">\n\t\t\t\t<a href=\"https:\/\/esclerosismultiplegalicia.org\/index.php\/apoio-as-entidades\/\" class=\"elementor-icon\" tabindex=\"-1\" aria-label=\"Apoio \u00e1s entidades \">\n\t\t\t\t<svg aria-hidden=\"true\" class=\"e-font-icon-svg e-fas-hands-helping\" viewBox=\"0 0 640 512\" xmlns=\"http:\/\/www.w3.org\/2000\/svg\"><path d=\"M488 192H336v56c0 39.7-32.3 72-72 72s-72-32.3-72-72V126.4l-64.9 39C107.8 176.9 96 197.8 96 220.2v47.3l-80 46.2C.7 322.5-4.6 342.1 4.3 357.4l80 138.6c8.8 15.3 28.4 20.5 43.7 11.7L231.4 448H368c35.3 0 64-28.7 64-64h16c17.7 0 32-14.3 32-32v-64h8c13.3 0 24-10.7 24-24v-48c0-13.3-10.7-24-24-24zm147.7-37.4L555.7 16C546.9.7 527.3-4.5 512 4.3L408.6 64H306.4c-12 0-23.7 3.4-33.9 9.7L239 94.6c-9.4 5.8-15 16.1-15 27.1V248c0 22.1 17.9 40 40 40s40-17.9 40-40v-88h184c30.9 0 56 25.1 56 56v28.5l80-46.2c15.3-8.9 20.5-28.4 11.7-43.7z\"><\/path><\/svg>\t\t\t\t<\/a>\n\t\t\t<\/div>\n\t\t\t\n\t\t\t\t\t\t<div class=\"elementor-icon-box-content\">\n\n\t\t\t\t\t\t\t\t\t<h3 class=\"elementor-icon-box-title\">\n\t\t\t\t\t\t<a href=\"https:\/\/esclerosismultiplegalicia.org\/index.php\/apoio-as-entidades\/\" >\n\t\t\t\t\t\t\tApoio \u00e1s entidades \t\t\t\t\t\t<\/a>\n\t\t\t\t\t<\/h3>\n\t\t\t\t\n\t\t\t\t\t\t\t\t\t<p class=\"elementor-icon-box-description\">\n\t\t\t\t\t\tEn FEGADEM sabemos que o asociacionismo \u00e9 moi importante para afrontar a vida con Esclerose M\u00faltiple (EM). Un dos nosos servizos \u00e9 o de apoio \u00e1s entidades membro, acompa\u00f1\u00e1ndoas e reforzando o seu traballo para que poidan seguir mellorando a calidade de vida das persoas con EM e das s\u00faas familias.\t\t\t\t\t<\/p>\n\t\t\t\t\n\t\t\t<\/div>\n\t\t\t\n\t\t<\/div>\n\t\t\t\t\t\t<\/div>\n\t\t\t\t<\/div>\n\t\t\t\t<div class=\"elementor-element elementor-element-44eaf5f elementor-view-default elementor-position-top elementor-mobile-position-top elementor-widget elementor-widget-icon-box\" data-id=\"44eaf5f\" data-element_type=\"widget\" data-widget_type=\"icon-box.default\">\n\t\t\t\t<div class=\"elementor-widget-container\">\n\t\t\t\t\t\t\t<div class=\"elementor-icon-box-wrapper\">\n\n\t\t\t\t\t\t<div class=\"elementor-icon-box-icon\">\n\t\t\t\t<a href=\"https:\/\/esclerosismultiplegalicia.org\/index.php\/nutricion\/\" class=\"elementor-icon\" tabindex=\"-1\" aria-label=\"Nutrici\u00f3n\">\n\t\t\t\t<svg aria-hidden=\"true\" class=\"e-font-icon-svg e-fab-nutritionix\" viewBox=\"0 0 400 512\" xmlns=\"http:\/\/www.w3.org\/2000\/svg\"><path d=\"M88 8.1S221.4-.1 209 112.5c0 0 19.1-74.9 103-40.6 0 0-17.7 74-88 56 0 0 14.6-54.6 66.1-56.6 0 0-39.9-10.3-82.1 48.8 0 0-19.8-94.5-93.6-99.7 0 0 75.2 19.4 77.6 107.5 0 .1-106.4 7-104-119.8zm312 315.6c0 48.5-9.7 95.3-32 132.3-42.2 30.9-105 48-168 48-62.9 0-125.8-17.1-168-48C9.7 419 0 372.2 0 323.7 0 275.3 17.7 229 40 192c42.2-30.9 97.1-48.6 160-48.6 63 0 117.8 17.6 160 48.6 22.3 37 40 83.3 40 131.7zM120 428c0-15.5-12.5-28-28-28s-28 12.5-28 28 12.5 28 28 28 28-12.5 28-28zm0-66.2c0-15.5-12.5-28-28-28s-28 12.5-28 28 12.5 28 28 28 28-12.5 28-28zm0-66.2c0-15.5-12.5-28-28-28s-28 12.5-28 28 12.5 28 28 28 28-12.5 28-28zM192 428c0-15.5-12.5-28-28-28s-28 12.5-28 28 12.5 28 28 28 28-12.5 28-28zm0-66.2c0-15.5-12.5-28-28-28s-28 12.5-28 28 12.5 28 28 28 28-12.5 28-28zm0-66.2c0-15.5-12.5-28-28-28s-28 12.5-28 28 12.5 28 28 28 28-12.5 28-28zM264 428c0-15.5-12.5-28-28-28s-28 12.5-28 28 12.5 28 28 28 28-12.5 28-28zm0-66.2c0-15.5-12.5-28-28-28s-28 12.5-28 28 12.5 28 28 28 28-12.5 28-28zm0-66.2c0-15.5-12.5-28-28-28s-28 12.5-28 28 12.5 28 28 28 28-12.5 28-28zM336 428c0-15.5-12.5-28-28-28s-28 12.5-28 28 12.5 28 28 28 28-12.5 28-28zm0-66.2c0-15.5-12.5-28-28-28s-28 12.5-28 28 12.5 28 28 28 28-12.5 28-28zm0-66.2c0-15.5-12.5-28-28-28s-28 12.5-28 28 12.5 28 28 28 28-12.5 28-28zm24-39.6c-4.8-22.3-7.4-36.9-16-56-38.8-19.9-90.5-32-144-32S94.8 180.1 56 200c-8.8 19.5-11.2 33.9-16 56 42.2-7.9 98.7-14.8 160-14.8s117.8 6.9 160 14.8z\"><\/path><\/svg>\t\t\t\t<\/a>\n\t\t\t<\/div>\n\t\t\t\n\t\t\t\t\t\t<div class=\"elementor-icon-box-content\">\n\n\t\t\t\t\t\t\t\t\t<h3 class=\"elementor-icon-box-title\">\n\t\t\t\t\t\t<a href=\"https:\/\/esclerosismultiplegalicia.org\/index.php\/nutricion\/\" >\n\t\t\t\t\t\t\tNutrici\u00f3n\t\t\t\t\t\t<\/a>\n\t\t\t\t\t<\/h3>\n\t\t\t\t\n\t\t\t\t\t\t\t\t\t<p class=\"elementor-icon-box-description\">\n\t\t\t\t\t\tEn FEGADEM contamos co servizo de nutrici\u00f3n para ofrecer asesoramento e orientaci\u00f3n na materia tanto a persoas con Esclerose M\u00faltiple como ao persoal t\u00e9cnico das entidades que o precisen, ademais de divulgar informaci\u00f3n \u00fatil para ter uns h\u00e1bitos de vida saudables.\t\t\t\t\t<\/p>\n\t\t\t\t\n\t\t\t<\/div>\n\t\t\t\n\t\t<\/div>\n\t\t\t\t\t\t<\/div>\n\t\t\t\t<\/div>\n\t\t\t\t\t<\/div>\n\t\t\t\t<\/div>\n\t\t<div class=\"elementor-element elementor-element-83c6b86 e-flex e-con-boxed e-con e-parent\" data-id=\"83c6b86\" data-element_type=\"container\">\n\t\t\t\t\t<div class=\"e-con-inner\">\n\t\t\t\t<div class=\"elementor-element elementor-element-4faa9ce elementor-widget elementor-widget-spacer\" data-id=\"4faa9ce\" data-element_type=\"widget\" data-widget_type=\"spacer.default\">\n\t\t\t\t<div class=\"elementor-widget-container\">\n\t\t\t\t\t\t\t<div class=\"elementor-spacer\">\n\t\t\t<div class=\"elementor-spacer-inner\"><\/div>\n\t\t<\/div>\n\t\t\t\t\t\t<\/div>\n\t\t\t\t<\/div>\n\t\t\t\t\t<\/div>\n\t\t\t\t<\/div>\n\t\t\t\t<\/div>\n\t\t","protected":false},"excerpt":{"rendered":"<p>Servizos En FEGADEM contamos cunha serie de servizos que prestamos dende a propia Federaci\u00f3n. Se precisas alg\u00fan servizo que non se recolla aqu\u00ed, por favor, contacte connosco e derivar\u00e9moste \u00e1 asociaci\u00f3n que mellor se adapte \u00e1 t\u00faa situaci\u00f3n. Informaci\u00f3n, Orientaci\u00f3n e Asesoramento En FEGADEM ofrecemos apoio especializado \u00e1s persoas con Esclerose M\u00faltiple (EM), \u00e1s s\u00faas&hellip; <a class=\"continue\" href=\"https:\/\/esclerosismultiplegalicia.org\/index.php\/servizos\/\">Ler m\u00e1is sobre<span> Servizos<\/span><\/a><\/p>\n","protected":false},"author":1,"featured_media":0,"parent":0,"menu_order":0,"comment_status":"closed","ping_status":"closed","template":"","meta":{"_kad_post_transparent":"","_kad_post_title":"hide","_kad_post_layout":"fullwidth","_kad_post_sidebar_id":"","_kad_post_content_style":"unboxed","_kad_post_vertical_padding":"hide","_kad_post_feature":"hide","_kad_post_feature_position":"","_kad_post_header":false,"_kad_post_footer":false,"footnotes":""},"class_list":["post-3607","page","type-page","status-publish","hentry"],"yoast_head":"<!-- This site is optimized with the Yoast SEO plugin v26.1.1 - https:\/\/yoast.com\/wordpress\/plugins\/seo\/ -->\n<title>Servizos - FEGADEM<\/title>\n<meta name=\"description\" content=\"Nesta p\u00e1xina podes descubrir os servizos cos que conta a Federaci\u00f3n Galega de Esclerose M\u00faltiple. Contacta para m\u00e1is informaci\u00f3n.\" \/>\n<meta name=\"robots\" content=\"index, follow, max-snippet:-1, max-image-preview:large, max-video-preview:-1\" \/>\n<link rel=\"canonical\" href=\"https:\/\/esclerosismultiplegalicia.org\/index.php\/servizos\/\" \/>\n<meta property=\"og:locale\" content=\"gl_ES\" \/>\n<meta property=\"og:type\" content=\"article\" \/>\n<meta property=\"og:title\" content=\"Servizos - FEGADEM\" \/>\n<meta property=\"og:description\" content=\"Nesta p\u00e1xina podes descubrir os servizos cos que conta a Federaci\u00f3n Galega de Esclerose M\u00faltiple. Contacta para m\u00e1is informaci\u00f3n.\" \/>\n<meta property=\"og:url\" content=\"https:\/\/esclerosismultiplegalicia.org\/index.php\/servizos\/\" \/>\n<meta property=\"og:site_name\" content=\"FEGADEM\" \/>\n<meta property=\"article:publisher\" content=\"https:\/\/www.facebook.com\/esclerosemultiplegal?locale=es_ES\" \/>\n<meta property=\"article:modified_time\" content=\"2026-01-14T10:15:53+00:00\" \/>\n<meta name=\"twitter:card\" content=\"summary_large_image\" \/>\n<meta name=\"twitter:site\" content=\"@fegadem\" \/>\n<meta name=\"twitter:label1\" content=\"Tempo de lectura\" \/>\n\t<meta name=\"twitter:data1\" content=\"1 minuto\" \/>\n<script type=\"application\/ld+json\" class=\"yoast-schema-graph\">{\"@context\":\"https:\/\/schema.org\",\"@graph\":[{\"@type\":\"WebPage\",\"@id\":\"https:\/\/esclerosismultiplegalicia.org\/index.php\/servizos\/\",\"url\":\"https:\/\/esclerosismultiplegalicia.org\/index.php\/servizos\/\",\"name\":\"Servizos - FEGADEM\",\"isPartOf\":{\"@id\":\"https:\/\/esclerosismultiplegalicia.org\/#website\"},\"datePublished\":\"2025-10-07T10:40:30+00:00\",\"dateModified\":\"2026-01-14T10:15:53+00:00\",\"description\":\"Nesta p\u00e1xina podes descubrir os servizos cos que conta a Federaci\u00f3n Galega de Esclerose M\u00faltiple. Contacta para m\u00e1is informaci\u00f3n.\",\"breadcrumb\":{\"@id\":\"https:\/\/esclerosismultiplegalicia.org\/index.php\/servizos\/#breadcrumb\"},\"inLanguage\":\"gl-ES\",\"potentialAction\":[{\"@type\":\"ReadAction\",\"target\":[\"https:\/\/esclerosismultiplegalicia.org\/index.php\/servizos\/\"]}]},{\"@type\":\"BreadcrumbList\",\"@id\":\"https:\/\/esclerosismultiplegalicia.org\/index.php\/servizos\/#breadcrumb\",\"itemListElement\":[{\"@type\":\"ListItem\",\"position\":1,\"name\":\"Inicio\",\"item\":\"https:\/\/esclerosismultiplegalicia.org\/\"},{\"@type\":\"ListItem\",\"position\":2,\"name\":\"Servizos\"}]},{\"@type\":\"WebSite\",\"@id\":\"https:\/\/esclerosismultiplegalicia.org\/#website\",\"url\":\"https:\/\/esclerosismultiplegalicia.org\/\",\"name\":\"FEGADEM\",\"description\":\"Traballamos mellorando a calidade de vida das persoas con Esclerose M\u00faltiple en Galicia.\",\"publisher\":{\"@id\":\"https:\/\/esclerosismultiplegalicia.org\/#organization\"},\"potentialAction\":[{\"@type\":\"SearchAction\",\"target\":{\"@type\":\"EntryPoint\",\"urlTemplate\":\"https:\/\/esclerosismultiplegalicia.org\/?s={search_term_string}\"},\"query-input\":{\"@type\":\"PropertyValueSpecification\",\"valueRequired\":true,\"valueName\":\"search_term_string\"}}],\"inLanguage\":\"gl-ES\"},{\"@type\":\"Organization\",\"@id\":\"https:\/\/esclerosismultiplegalicia.org\/#organization\",\"name\":\"FEGADEM (Federaci\u00f3n Galega de Esclerose M\u00faltiple)\",\"url\":\"https:\/\/esclerosismultiplegalicia.org\/\",\"logo\":{\"@type\":\"ImageObject\",\"inLanguage\":\"gl-ES\",\"@id\":\"https:\/\/esclerosismultiplegalicia.org\/#\/schema\/logo\/image\/\",\"url\":\"https:\/\/esclerosismultiplegalicia.org\/wp-content\/uploads\/2025\/05\/cropped-FEGADEM_Imagotipo-scaled-1.png\",\"contentUrl\":\"https:\/\/esclerosismultiplegalicia.org\/wp-content\/uploads\/2025\/05\/cropped-FEGADEM_Imagotipo-scaled-1.png\",\"width\":2558,\"height\":1138,\"caption\":\"FEGADEM (Federaci\u00f3n Galega de Esclerose M\u00faltiple)\"},\"image\":{\"@id\":\"https:\/\/esclerosismultiplegalicia.org\/#\/schema\/logo\/image\/\"},\"sameAs\":[\"https:\/\/www.facebook.com\/esclerosemultiplegal?locale=es_ES\",\"https:\/\/x.com\/fegadem\",\"https:\/\/www.instagram.com\/esclerosemultiplegal\/\",\"https:\/\/www.youtube.com\/@fegademfederaciongalegadee3374\"]}]}<\/script>\n<!-- \/ Yoast SEO plugin. -->","yoast_head_json":{"title":"Servizos - FEGADEM","description":"Nesta p\u00e1xina podes descubrir os servizos cos que conta a Federaci\u00f3n Galega de Esclerose M\u00faltiple. Contacta para m\u00e1is informaci\u00f3n.","robots":{"index":"index","follow":"follow","max-snippet":"max-snippet:-1","max-image-preview":"max-image-preview:large","max-video-preview":"max-video-preview:-1"},"canonical":"https:\/\/esclerosismultiplegalicia.org\/index.php\/servizos\/","og_locale":"gl_ES","og_type":"article","og_title":"Servizos - FEGADEM","og_description":"Nesta p\u00e1xina podes descubrir os servizos cos que conta a Federaci\u00f3n Galega de Esclerose M\u00faltiple. Contacta para m\u00e1is informaci\u00f3n.","og_url":"https:\/\/esclerosismultiplegalicia.org\/index.php\/servizos\/","og_site_name":"FEGADEM","article_publisher":"https:\/\/www.facebook.com\/esclerosemultiplegal?locale=es_ES","article_modified_time":"2026-01-14T10:15:53+00:00","twitter_card":"summary_large_image","twitter_site":"@fegadem","twitter_misc":{"Tempo de lectura":"1 minuto"},"schema":{"@context":"https:\/\/schema.org","@graph":[{"@type":"WebPage","@id":"https:\/\/esclerosismultiplegalicia.org\/index.php\/servizos\/","url":"https:\/\/esclerosismultiplegalicia.org\/index.php\/servizos\/","name":"Servizos - FEGADEM","isPartOf":{"@id":"https:\/\/esclerosismultiplegalicia.org\/#website"},"datePublished":"2025-10-07T10:40:30+00:00","dateModified":"2026-01-14T10:15:53+00:00","description":"Nesta p\u00e1xina podes descubrir os servizos cos que conta a Federaci\u00f3n Galega de Esclerose M\u00faltiple. Contacta para m\u00e1is informaci\u00f3n.","breadcrumb":{"@id":"https:\/\/esclerosismultiplegalicia.org\/index.php\/servizos\/#breadcrumb"},"inLanguage":"gl-ES","potentialAction":[{"@type":"ReadAction","target":["https:\/\/esclerosismultiplegalicia.org\/index.php\/servizos\/"]}]},{"@type":"BreadcrumbList","@id":"https:\/\/esclerosismultiplegalicia.org\/index.php\/servizos\/#breadcrumb","itemListElement":[{"@type":"ListItem","position":1,"name":"Inicio","item":"https:\/\/esclerosismultiplegalicia.org\/"},{"@type":"ListItem","position":2,"name":"Servizos"}]},{"@type":"WebSite","@id":"https:\/\/esclerosismultiplegalicia.org\/#website","url":"https:\/\/esclerosismultiplegalicia.org\/","name":"FEGADEM","description":"Traballamos mellorando a calidade de vida das persoas con Esclerose M\u00faltiple en Galicia.","publisher":{"@id":"https:\/\/esclerosismultiplegalicia.org\/#organization"},"potentialAction":[{"@type":"SearchAction","target":{"@type":"EntryPoint","urlTemplate":"https:\/\/esclerosismultiplegalicia.org\/?s={search_term_string}"},"query-input":{"@type":"PropertyValueSpecification","valueRequired":true,"valueName":"search_term_string"}}],"inLanguage":"gl-ES"},{"@type":"Organization","@id":"https:\/\/esclerosismultiplegalicia.org\/#organization","name":"FEGADEM (Federaci\u00f3n Galega de Esclerose M\u00faltiple)","url":"https:\/\/esclerosismultiplegalicia.org\/","logo":{"@type":"ImageObject","inLanguage":"gl-ES","@id":"https:\/\/esclerosismultiplegalicia.org\/#\/schema\/logo\/image\/","url":"https:\/\/esclerosismultiplegalicia.org\/wp-content\/uploads\/2025\/05\/cropped-FEGADEM_Imagotipo-scaled-1.png","contentUrl":"https:\/\/esclerosismultiplegalicia.org\/wp-content\/uploads\/2025\/05\/cropped-FEGADEM_Imagotipo-scaled-1.png","width":2558,"height":1138,"caption":"FEGADEM (Federaci\u00f3n Galega de Esclerose M\u00faltiple)"},"image":{"@id":"https:\/\/esclerosismultiplegalicia.org\/#\/schema\/logo\/image\/"},"sameAs":["https:\/\/www.facebook.com\/esclerosemultiplegal?locale=es_ES","https:\/\/x.com\/fegadem","https:\/\/www.instagram.com\/esclerosemultiplegal\/","https:\/\/www.youtube.com\/@fegademfederaciongalegadee3374"]}]}},"_links":{"self":[{"href":"https:\/\/esclerosismultiplegalicia.org\/index.php\/wp-json\/wp\/v2\/pages\/3607","targetHints":{"allow":["GET"]}}],"collection":[{"href":"https:\/\/esclerosismultiplegalicia.org\/index.php\/wp-json\/wp\/v2\/pages"}],"about":[{"href":"https:\/\/esclerosismultiplegalicia.org\/index.php\/wp-json\/wp\/v2\/types\/page"}],"author":[{"embeddable":true,"href":"https:\/\/esclerosismultiplegalicia.org\/index.php\/wp-json\/wp\/v2\/users\/1"}],"replies":[{"embeddable":true,"href":"https:\/\/esclerosismultiplegalicia.org\/index.php\/wp-json\/wp\/v2\/comments?post=3607"}],"version-history":[{"count":10,"href":"https:\/\/esclerosismultiplegalicia.org\/index.php\/wp-json\/wp\/v2\/pages\/3607\/revisions"}],"predecessor-version":[{"id":4850,"href":"https:\/\/esclerosismultiplegalicia.org\/index.php\/wp-json\/wp\/v2\/pages\/3607\/revisions\/4850"}],"wp:attachment":[{"href":"https:\/\/esclerosismultiplegalicia.org\/index.php\/wp-json\/wp\/v2\/media?parent=3607"}],"curies":[{"name":"wp","href":"https:\/\/api.w.org\/{rel}","templated":true}]}}