{"id":4556,"date":"2025-11-26T10:51:49","date_gmt":"2025-11-26T09:51:49","guid":{"rendered":"https:\/\/esclerosismultiplegalicia.org\/?post_type=product&#038;p=4556"},"modified":"2025-11-26T11:04:55","modified_gmt":"2025-11-26T10:04:55","slug":"proceso-asistencial-integrado-pai","status":"publish","type":"product","link":"http:\/\/esclerosismultiplegalicia.org\/index.php\/produto\/proceso-asistencial-integrado-pai\/","title":{"rendered":"Proceso Asistencial Integrado (PAI)"},"content":{"rendered":"<p>O proceso asistencial integrado (PAI) para a abordaxe das persoas con Esclerose M\u00faltiple (EM) en Galicia \u00e9 un plan de coidados interdisciplinar. Est\u00e1 baseado na evidencia e identifica a secuencia ideal de intervenci\u00f3ns, fitos e resultados esperados para un grupo de persoas con EM.<\/p>\n<p>O PAI de EM en Galicia \u00e9 un primeiro paso para estandarizar os coidados, reducir a variabilidade inxustificada en cada \u00c1rea Sanitaria e as inequidades no acceso \u00e1 atenci\u00f3n. O PAI ten en conta as necesidades das persoas con EM, a \u00faltima evidencia dispo\u00f1ible e o contexto sanitario e social presente en Galicia. Por tanto, o PAI de EM def\u00ednese para toda Galicia e a s\u00faa implementaci\u00f3n deber\u00e1 materializarse no \u00e1mbito local.<\/p>\n<p>O documento describe a traxectoria que vive a persoa con EM, explorando cada unha das etapas polas que transcorre. Adicionalmente, incl\u00faese a descrici\u00f3n das \u00e1reas de mellora que decidiu o grupo de traballo multidisciplinar que deben incorporarse en todas as \u00e1reas sanitarias de Galicia. Estas representan\u00a0un impacto importante na mellora da atenci\u00f3n das persoas con EM na comunidade aut\u00f3noma.<\/p>\n","protected":false},"excerpt":{"rendered":"<p>O proceso asistencial integrado (PAI) para a abordaxe das persoas con Esclerose M\u00faltiple (EM) en Galicia \u00e9 un plan de coidados interdisciplinar. Est\u00e1 baseado na evidencia e identifica a secuencia ideal de intervenci\u00f3ns, fitos e resultados esperados para un grupo de persoas con EM. O PAI de EM en Galicia \u00e9 un primeiro paso para&hellip; <a class=\"continue\" href=\"http:\/\/esclerosismultiplegalicia.org\/index.php\/produto\/proceso-asistencial-integrado-pai\/\">Ler m\u00e1is sobre<span> Proceso Asistencial Integrado (PAI)<\/span><\/a><\/p>\n","protected":false},"featured_media":4558,"comment_status":"closed","ping_status":"closed","template":"","meta":{"_kad_post_transparent":"default","_kad_post_title":"","_kad_post_layout":"default","_kad_post_sidebar_id":"","_kad_post_content_style":"default","_kad_post_vertical_padding":"default","_kad_post_feature":"","_kad_post_feature_position":"","_kad_post_header":false,"_kad_post_footer":false},"product_brand":[],"product_cat":[119,120],"product_tag":[],"class_list":{"0":"post-4556","1":"product","2":"type-product","3":"status-publish","4":"has-post-thumbnail","6":"product_cat-documentos","7":"product_cat-guias","9":"first","10":"instock","11":"downloadable","12":"virtual","13":"product-type-simple","14":"entry","15":"content-bg","16":"loop-entry"},"yoast_head":"<!-- This site is optimized with the Yoast SEO plugin v26.1.1 - https:\/\/yoast.com\/wordpress\/plugins\/seo\/ -->\n<title>Proceso Asistencial Integrado (PAI) - FEGADEM<\/title>\n<meta name=\"description\" content=\"O proceso asistencial integrado (PAI) elaborouse en colaboraci\u00f3n co SERGAS, FEGADEM, as asociaci\u00f3ns e profesionais especializados\/as.\" \/>\n<meta name=\"robots\" content=\"index, follow, max-snippet:-1, max-image-preview:large, max-video-preview:-1\" \/>\n<link rel=\"canonical\" href=\"http:\/\/esclerosismultiplegalicia.org\/index.php\/produto\/proceso-asistencial-integrado-pai\/\" \/>\n<meta property=\"og:locale\" content=\"gl_ES\" \/>\n<meta property=\"og:type\" content=\"article\" \/>\n<meta property=\"og:title\" content=\"Proceso Asistencial Integrado (PAI) - FEGADEM\" \/>\n<meta property=\"og:description\" content=\"O proceso asistencial integrado (PAI) elaborouse en colaboraci\u00f3n co SERGAS, FEGADEM, as asociaci\u00f3ns e profesionais especializados\/as.\" \/>\n<meta property=\"og:url\" content=\"http:\/\/esclerosismultiplegalicia.org\/index.php\/produto\/proceso-asistencial-integrado-pai\/\" \/>\n<meta property=\"og:site_name\" content=\"FEGADEM\" \/>\n<meta property=\"article:publisher\" content=\"https:\/\/www.facebook.com\/esclerosemultiplegal?locale=es_ES\" \/>\n<meta property=\"article:modified_time\" content=\"2025-11-26T10:04:55+00:00\" \/>\n<meta property=\"og:image\" content=\"http:\/\/esclerosismultiplegalicia.org\/wp-content\/uploads\/2025\/11\/portada-web-pai.png\" \/>\n\t<meta property=\"og:image:width\" content=\"1478\" \/>\n\t<meta property=\"og:image:height\" content=\"2000\" \/>\n\t<meta property=\"og:image:type\" content=\"image\/png\" \/>\n<meta name=\"twitter:card\" content=\"summary_large_image\" \/>\n<meta name=\"twitter:site\" content=\"@fegadem\" \/>\n<meta name=\"twitter:label1\" content=\"Tempo de lectura\" \/>\n\t<meta name=\"twitter:data1\" content=\"2 minutos\" \/>\n<script type=\"application\/ld+json\" class=\"yoast-schema-graph\">{\"@context\":\"https:\/\/schema.org\",\"@graph\":[{\"@type\":\"WebPage\",\"@id\":\"http:\/\/esclerosismultiplegalicia.org\/index.php\/produto\/proceso-asistencial-integrado-pai\/\",\"url\":\"http:\/\/esclerosismultiplegalicia.org\/index.php\/produto\/proceso-asistencial-integrado-pai\/\",\"name\":\"Proceso Asistencial Integrado (PAI) - FEGADEM\",\"isPartOf\":{\"@id\":\"https:\/\/esclerosismultiplegalicia.org\/#website\"},\"primaryImageOfPage\":{\"@id\":\"http:\/\/esclerosismultiplegalicia.org\/index.php\/produto\/proceso-asistencial-integrado-pai\/#primaryimage\"},\"image\":{\"@id\":\"http:\/\/esclerosismultiplegalicia.org\/index.php\/produto\/proceso-asistencial-integrado-pai\/#primaryimage\"},\"thumbnailUrl\":\"http:\/\/esclerosismultiplegalicia.org\/wp-content\/uploads\/2025\/11\/portada-web-pai.png\",\"datePublished\":\"2025-11-26T09:51:49+00:00\",\"dateModified\":\"2025-11-26T10:04:55+00:00\",\"description\":\"O proceso asistencial integrado (PAI) elaborouse en colaboraci\u00f3n co SERGAS, FEGADEM, as asociaci\u00f3ns e profesionais especializados\/as.\",\"breadcrumb\":{\"@id\":\"http:\/\/esclerosismultiplegalicia.org\/index.php\/produto\/proceso-asistencial-integrado-pai\/#breadcrumb\"},\"inLanguage\":\"gl-ES\",\"potentialAction\":[{\"@type\":\"ReadAction\",\"target\":[\"http:\/\/esclerosismultiplegalicia.org\/index.php\/produto\/proceso-asistencial-integrado-pai\/\"]}]},{\"@type\":\"ImageObject\",\"inLanguage\":\"gl-ES\",\"@id\":\"http:\/\/esclerosismultiplegalicia.org\/index.php\/produto\/proceso-asistencial-integrado-pai\/#primaryimage\",\"url\":\"http:\/\/esclerosismultiplegalicia.org\/wp-content\/uploads\/2025\/11\/portada-web-pai.png\",\"contentUrl\":\"http:\/\/esclerosismultiplegalicia.org\/wp-content\/uploads\/2025\/11\/portada-web-pai.png\",\"width\":1478,\"height\":2000},{\"@type\":\"BreadcrumbList\",\"@id\":\"http:\/\/esclerosismultiplegalicia.org\/index.php\/produto\/proceso-asistencial-integrado-pai\/#breadcrumb\",\"itemListElement\":[{\"@type\":\"ListItem\",\"position\":1,\"name\":\"Inicio\",\"item\":\"https:\/\/esclerosismultiplegalicia.org\/\"},{\"@type\":\"ListItem\",\"position\":2,\"name\":\"Produtos\",\"item\":\"http:\/\/esclerosismultiplegalicia.org\/index.php\/shop\/\"},{\"@type\":\"ListItem\",\"position\":3,\"name\":\"Proceso Asistencial Integrado (PAI)\"}]},{\"@type\":\"WebSite\",\"@id\":\"https:\/\/esclerosismultiplegalicia.org\/#website\",\"url\":\"https:\/\/esclerosismultiplegalicia.org\/\",\"name\":\"FEGADEM\",\"description\":\"Traballamos mellorando a calidade de vida das persoas con Esclerose M\u00faltiple en Galicia.\",\"publisher\":{\"@id\":\"https:\/\/esclerosismultiplegalicia.org\/#organization\"},\"potentialAction\":[{\"@type\":\"SearchAction\",\"target\":{\"@type\":\"EntryPoint\",\"urlTemplate\":\"https:\/\/esclerosismultiplegalicia.org\/?s={search_term_string}\"},\"query-input\":{\"@type\":\"PropertyValueSpecification\",\"valueRequired\":true,\"valueName\":\"search_term_string\"}}],\"inLanguage\":\"gl-ES\"},{\"@type\":\"Organization\",\"@id\":\"https:\/\/esclerosismultiplegalicia.org\/#organization\",\"name\":\"FEGADEM (Federaci\u00f3n Galega de Esclerose M\u00faltiple)\",\"url\":\"https:\/\/esclerosismultiplegalicia.org\/\",\"logo\":{\"@type\":\"ImageObject\",\"inLanguage\":\"gl-ES\",\"@id\":\"https:\/\/esclerosismultiplegalicia.org\/#\/schema\/logo\/image\/\",\"url\":\"http:\/\/esclerosismultiplegalicia.org\/wp-content\/uploads\/2025\/05\/cropped-FEGADEM_Imagotipo-scaled-1.png\",\"contentUrl\":\"http:\/\/esclerosismultiplegalicia.org\/wp-content\/uploads\/2025\/05\/cropped-FEGADEM_Imagotipo-scaled-1.png\",\"width\":2558,\"height\":1138,\"caption\":\"FEGADEM (Federaci\u00f3n Galega de Esclerose M\u00faltiple)\"},\"image\":{\"@id\":\"https:\/\/esclerosismultiplegalicia.org\/#\/schema\/logo\/image\/\"},\"sameAs\":[\"https:\/\/www.facebook.com\/esclerosemultiplegal?locale=es_ES\",\"https:\/\/x.com\/fegadem\",\"https:\/\/www.instagram.com\/esclerosemultiplegal\/\",\"https:\/\/www.youtube.com\/@fegademfederaciongalegadee3374\"]}]}<\/script>\n<!-- \/ Yoast SEO plugin. -->","yoast_head_json":{"title":"Proceso Asistencial Integrado (PAI) - FEGADEM","description":"O proceso asistencial integrado (PAI) elaborouse en colaboraci\u00f3n co SERGAS, FEGADEM, as asociaci\u00f3ns e profesionais especializados\/as.","robots":{"index":"index","follow":"follow","max-snippet":"max-snippet:-1","max-image-preview":"max-image-preview:large","max-video-preview":"max-video-preview:-1"},"canonical":"http:\/\/esclerosismultiplegalicia.org\/index.php\/produto\/proceso-asistencial-integrado-pai\/","og_locale":"gl_ES","og_type":"article","og_title":"Proceso Asistencial Integrado (PAI) - FEGADEM","og_description":"O proceso asistencial integrado (PAI) elaborouse en colaboraci\u00f3n co SERGAS, FEGADEM, as asociaci\u00f3ns e profesionais especializados\/as.","og_url":"http:\/\/esclerosismultiplegalicia.org\/index.php\/produto\/proceso-asistencial-integrado-pai\/","og_site_name":"FEGADEM","article_publisher":"https:\/\/www.facebook.com\/esclerosemultiplegal?locale=es_ES","article_modified_time":"2025-11-26T10:04:55+00:00","og_image":[{"width":1478,"height":2000,"url":"http:\/\/esclerosismultiplegalicia.org\/wp-content\/uploads\/2025\/11\/portada-web-pai.png","type":"image\/png"}],"twitter_card":"summary_large_image","twitter_site":"@fegadem","twitter_misc":{"Tempo de lectura":"2 minutos"},"schema":{"@context":"https:\/\/schema.org","@graph":[{"@type":"WebPage","@id":"http:\/\/esclerosismultiplegalicia.org\/index.php\/produto\/proceso-asistencial-integrado-pai\/","url":"http:\/\/esclerosismultiplegalicia.org\/index.php\/produto\/proceso-asistencial-integrado-pai\/","name":"Proceso Asistencial Integrado (PAI) - FEGADEM","isPartOf":{"@id":"https:\/\/esclerosismultiplegalicia.org\/#website"},"primaryImageOfPage":{"@id":"http:\/\/esclerosismultiplegalicia.org\/index.php\/produto\/proceso-asistencial-integrado-pai\/#primaryimage"},"image":{"@id":"http:\/\/esclerosismultiplegalicia.org\/index.php\/produto\/proceso-asistencial-integrado-pai\/#primaryimage"},"thumbnailUrl":"http:\/\/esclerosismultiplegalicia.org\/wp-content\/uploads\/2025\/11\/portada-web-pai.png","datePublished":"2025-11-26T09:51:49+00:00","dateModified":"2025-11-26T10:04:55+00:00","description":"O proceso asistencial integrado (PAI) elaborouse en colaboraci\u00f3n co SERGAS, FEGADEM, as asociaci\u00f3ns e profesionais especializados\/as.","breadcrumb":{"@id":"http:\/\/esclerosismultiplegalicia.org\/index.php\/produto\/proceso-asistencial-integrado-pai\/#breadcrumb"},"inLanguage":"gl-ES","potentialAction":[{"@type":"ReadAction","target":["http:\/\/esclerosismultiplegalicia.org\/index.php\/produto\/proceso-asistencial-integrado-pai\/"]}]},{"@type":"ImageObject","inLanguage":"gl-ES","@id":"http:\/\/esclerosismultiplegalicia.org\/index.php\/produto\/proceso-asistencial-integrado-pai\/#primaryimage","url":"http:\/\/esclerosismultiplegalicia.org\/wp-content\/uploads\/2025\/11\/portada-web-pai.png","contentUrl":"http:\/\/esclerosismultiplegalicia.org\/wp-content\/uploads\/2025\/11\/portada-web-pai.png","width":1478,"height":2000},{"@type":"BreadcrumbList","@id":"http:\/\/esclerosismultiplegalicia.org\/index.php\/produto\/proceso-asistencial-integrado-pai\/#breadcrumb","itemListElement":[{"@type":"ListItem","position":1,"name":"Inicio","item":"https:\/\/esclerosismultiplegalicia.org\/"},{"@type":"ListItem","position":2,"name":"Produtos","item":"http:\/\/esclerosismultiplegalicia.org\/index.php\/shop\/"},{"@type":"ListItem","position":3,"name":"Proceso Asistencial Integrado (PAI)"}]},{"@type":"WebSite","@id":"https:\/\/esclerosismultiplegalicia.org\/#website","url":"https:\/\/esclerosismultiplegalicia.org\/","name":"FEGADEM","description":"Traballamos mellorando a calidade de vida das persoas con Esclerose M\u00faltiple en Galicia.","publisher":{"@id":"https:\/\/esclerosismultiplegalicia.org\/#organization"},"potentialAction":[{"@type":"SearchAction","target":{"@type":"EntryPoint","urlTemplate":"https:\/\/esclerosismultiplegalicia.org\/?s={search_term_string}"},"query-input":{"@type":"PropertyValueSpecification","valueRequired":true,"valueName":"search_term_string"}}],"inLanguage":"gl-ES"},{"@type":"Organization","@id":"https:\/\/esclerosismultiplegalicia.org\/#organization","name":"FEGADEM (Federaci\u00f3n Galega de Esclerose M\u00faltiple)","url":"https:\/\/esclerosismultiplegalicia.org\/","logo":{"@type":"ImageObject","inLanguage":"gl-ES","@id":"https:\/\/esclerosismultiplegalicia.org\/#\/schema\/logo\/image\/","url":"http:\/\/esclerosismultiplegalicia.org\/wp-content\/uploads\/2025\/05\/cropped-FEGADEM_Imagotipo-scaled-1.png","contentUrl":"http:\/\/esclerosismultiplegalicia.org\/wp-content\/uploads\/2025\/05\/cropped-FEGADEM_Imagotipo-scaled-1.png","width":2558,"height":1138,"caption":"FEGADEM (Federaci\u00f3n Galega de Esclerose M\u00faltiple)"},"image":{"@id":"https:\/\/esclerosismultiplegalicia.org\/#\/schema\/logo\/image\/"},"sameAs":["https:\/\/www.facebook.com\/esclerosemultiplegal?locale=es_ES","https:\/\/x.com\/fegadem","https:\/\/www.instagram.com\/esclerosemultiplegal\/","https:\/\/www.youtube.com\/@fegademfederaciongalegadee3374"]}]}},"_links":{"self":[{"href":"http:\/\/esclerosismultiplegalicia.org\/index.php\/wp-json\/wp\/v2\/product\/4556","targetHints":{"allow":["GET"]}}],"collection":[{"href":"http:\/\/esclerosismultiplegalicia.org\/index.php\/wp-json\/wp\/v2\/product"}],"about":[{"href":"http:\/\/esclerosismultiplegalicia.org\/index.php\/wp-json\/wp\/v2\/types\/product"}],"replies":[{"embeddable":true,"href":"http:\/\/esclerosismultiplegalicia.org\/index.php\/wp-json\/wp\/v2\/comments?post=4556"}],"wp:featuredmedia":[{"embeddable":true,"href":"http:\/\/esclerosismultiplegalicia.org\/index.php\/wp-json\/wp\/v2\/media\/4558"}],"wp:attachment":[{"href":"http:\/\/esclerosismultiplegalicia.org\/index.php\/wp-json\/wp\/v2\/media?parent=4556"}],"wp:term":[{"taxonomy":"product_brand","embeddable":true,"href":"http:\/\/esclerosismultiplegalicia.org\/index.php\/wp-json\/wp\/v2\/product_brand?post=4556"},{"taxonomy":"product_cat","embeddable":true,"href":"http:\/\/esclerosismultiplegalicia.org\/index.php\/wp-json\/wp\/v2\/product_cat?post=4556"},{"taxonomy":"product_tag","embeddable":true,"href":"http:\/\/esclerosismultiplegalicia.org\/index.php\/wp-json\/wp\/v2\/product_tag?post=4556"}],"curies":[{"name":"wp","href":"https:\/\/api.w.org\/{rel}","templated":true}]}}