{"id":2133,"date":"2025-07-08T12:49:48","date_gmt":"2025-07-08T10:49:48","guid":{"rendered":"https:\/\/prueba.esclerosismultiplegalicia.org\/?post_type=product&#038;p=2133"},"modified":"2025-07-08T12:49:48","modified_gmt":"2025-07-08T10:49:48","slug":"acem-santiago","status":"publish","type":"product","link":"http:\/\/esclerosismultiplegalicia.org\/index.php\/produto\/acem-santiago\/","title":{"rendered":"ACEM Santiago"},"content":{"rendered":"<p>A Asociaci\u00f3n Compostel\u00e1 de Esclerose M\u00faltiple, P\u00e1rkinson, ELA, enfermidades raras e outras enfermidades neurodexenerativas (ACEM) traballa en Santiago de Compostela e localidades pr\u00f3ximas.<\/p>\n<h3>Servizos<\/h3>\n<p>A Asociaci\u00f3n conta con servizos para persoas afectadas destas enfermidades e para familiares, como:<\/p>\n<ul>\n<li>Traballo Social<\/li>\n<li>Atenci\u00f3n Psicol\u00f3xica<\/li>\n<li>Fisioterapia<\/li>\n<li>Terapia Ocupacional<\/li>\n<li>Logopedia<\/li>\n<li>Pilates Adaptado<\/li>\n<li>Golf Adaptado<\/li>\n<li>Preparaci\u00f3n F\u00edsica<\/li>\n<li>Servizo de Asesoramento Xur\u00eddico<\/li>\n<\/ul>\n<h3>Direcci\u00f3n e contacto<\/h3>\n<ul>\n<li>R\u00faa Queixume dos Pinos, n\u00ba4, 15705, Santiago de Compostela (A Coru\u00f1a)<\/li>\n<li>Tel\u00e9fonos: 981 57 52 40 \/ 620 53 34 71<\/li>\n<li>Correo: <a class=\"underline\" href=\"mailto:acem.santiago@gmail.com\">acem.santiago@gmail.com<\/a><\/li>\n<li><a class=\"underline\" href=\"http:\/\/www.acemsantiago.org\/\" target=\"_blank\" rel=\"noopener\">http:\/\/www.acemsantiago.org\/<\/a><\/li>\n<\/ul>\n<p>&nbsp;<\/p>\n","protected":false},"excerpt":{"rendered":"<p>Asociaci\u00f3n para persoas con EM e familiares de Santiago de Compostela e localidades pr\u00f3ximas. <a class=\"continue\" href=\"http:\/\/esclerosismultiplegalicia.org\/index.php\/produto\/acem-santiago\/\">Ler m\u00e1is sobre<span> ACEM Santiago<\/span><\/a><\/p>\n","protected":false},"featured_media":1956,"comment_status":"closed","ping_status":"closed","template":"","meta":{"_kad_post_transparent":"default","_kad_post_title":"","_kad_post_layout":"default","_kad_post_sidebar_id":"","_kad_post_content_style":"default","_kad_post_vertical_padding":"default","_kad_post_feature":"","_kad_post_feature_position":"","_kad_post_header":false,"_kad_post_footer":false},"product_brand":[],"product_cat":[81],"product_tag":[],"class_list":{"0":"post-2133","1":"product","2":"type-product","3":"status-publish","4":"has-post-thumbnail","6":"product_cat-a-coruna","7":"pa_servizos-atencion-psicoloxica","8":"pa_servizos-fisioterapia","9":"pa_servizos-golf-adaptado","10":"pa_servizos-logopedia","11":"pa_servizos-pilates-adaptado","12":"pa_servizos-preparacion-fisica","13":"pa_servizos-servizo-de-asesoramento-xuridico","14":"pa_servizos-terapia-ocupacional","15":"pa_servizos-traballo-social","17":"first","18":"instock","19":"virtual","20":"product-type-simple","21":"entry","22":"content-bg","23":"loop-entry"},"yoast_head":"<!-- This site is optimized with the Yoast SEO plugin v26.1.1 - https:\/\/yoast.com\/wordpress\/plugins\/seo\/ -->\n<title>ACEM Santiago - FEGADEM<\/title>\n<meta name=\"robots\" content=\"index, follow, max-snippet:-1, max-image-preview:large, max-video-preview:-1\" \/>\n<link rel=\"canonical\" href=\"https:\/\/esclerosismultiplegalicia.org\/index.php\/produto\/acem-santiago\/\" \/>\n<meta property=\"og:locale\" content=\"gl_ES\" \/>\n<meta property=\"og:type\" content=\"article\" \/>\n<meta property=\"og:title\" content=\"ACEM Santiago - FEGADEM\" \/>\n<meta property=\"og:description\" content=\"Asociaci\u00f3n para persoas con EM e familiares de Santiago de Compostela e localidades pr\u00f3ximas. Ler m\u00e1is sobre ACEM Santiago\" \/>\n<meta property=\"og:url\" content=\"https:\/\/esclerosismultiplegalicia.org\/index.php\/produto\/acem-santiago\/\" \/>\n<meta property=\"og:site_name\" content=\"FEGADEM\" \/>\n<meta property=\"article:publisher\" content=\"https:\/\/www.facebook.com\/esclerosemultiplegal?locale=es_ES\" \/>\n<meta property=\"og:image\" content=\"https:\/\/esclerosismultiplegalicia.org\/wp-content\/uploads\/2025\/06\/acem-santiago-cadrado-1.webp\" \/>\n\t<meta property=\"og:image:width\" content=\"1485\" \/>\n\t<meta property=\"og:image:height\" content=\"1485\" \/>\n\t<meta property=\"og:image:type\" content=\"image\/webp\" \/>\n<meta name=\"twitter:card\" content=\"summary_large_image\" \/>\n<meta name=\"twitter:site\" content=\"@fegadem\" \/>\n<script type=\"application\/ld+json\" class=\"yoast-schema-graph\">{\"@context\":\"https:\/\/schema.org\",\"@graph\":[{\"@type\":\"WebPage\",\"@id\":\"https:\/\/esclerosismultiplegalicia.org\/index.php\/produto\/acem-santiago\/\",\"url\":\"https:\/\/esclerosismultiplegalicia.org\/index.php\/produto\/acem-santiago\/\",\"name\":\"ACEM Santiago - FEGADEM\",\"isPartOf\":{\"@id\":\"https:\/\/esclerosismultiplegalicia.org\/#website\"},\"primaryImageOfPage\":{\"@id\":\"https:\/\/esclerosismultiplegalicia.org\/index.php\/produto\/acem-santiago\/#primaryimage\"},\"image\":{\"@id\":\"https:\/\/esclerosismultiplegalicia.org\/index.php\/produto\/acem-santiago\/#primaryimage\"},\"thumbnailUrl\":\"http:\/\/esclerosismultiplegalicia.org\/wp-content\/uploads\/2025\/06\/acem-santiago-cadrado-1.webp\",\"datePublished\":\"2025-07-08T10:49:48+00:00\",\"breadcrumb\":{\"@id\":\"https:\/\/esclerosismultiplegalicia.org\/index.php\/produto\/acem-santiago\/#breadcrumb\"},\"inLanguage\":\"gl-ES\",\"potentialAction\":[{\"@type\":\"ReadAction\",\"target\":[\"https:\/\/esclerosismultiplegalicia.org\/index.php\/produto\/acem-santiago\/\"]}]},{\"@type\":\"ImageObject\",\"inLanguage\":\"gl-ES\",\"@id\":\"https:\/\/esclerosismultiplegalicia.org\/index.php\/produto\/acem-santiago\/#primaryimage\",\"url\":\"http:\/\/esclerosismultiplegalicia.org\/wp-content\/uploads\/2025\/06\/acem-santiago-cadrado-1.webp\",\"contentUrl\":\"http:\/\/esclerosismultiplegalicia.org\/wp-content\/uploads\/2025\/06\/acem-santiago-cadrado-1.webp\",\"width\":1485,\"height\":1485},{\"@type\":\"BreadcrumbList\",\"@id\":\"https:\/\/esclerosismultiplegalicia.org\/index.php\/produto\/acem-santiago\/#breadcrumb\",\"itemListElement\":[{\"@type\":\"ListItem\",\"position\":1,\"name\":\"Inicio\",\"item\":\"https:\/\/esclerosismultiplegalicia.org\/\"},{\"@type\":\"ListItem\",\"position\":2,\"name\":\"Produtos\",\"item\":\"http:\/\/esclerosismultiplegalicia.org\/index.php\/shop\/\"},{\"@type\":\"ListItem\",\"position\":3,\"name\":\"ACEM Santiago\"}]},{\"@type\":\"WebSite\",\"@id\":\"https:\/\/esclerosismultiplegalicia.org\/#website\",\"url\":\"https:\/\/esclerosismultiplegalicia.org\/\",\"name\":\"FEGADEM\",\"description\":\"Traballamos mellorando a calidade de vida das persoas con Esclerose M\u00faltiple en Galicia.\",\"publisher\":{\"@id\":\"https:\/\/esclerosismultiplegalicia.org\/#organization\"},\"potentialAction\":[{\"@type\":\"SearchAction\",\"target\":{\"@type\":\"EntryPoint\",\"urlTemplate\":\"https:\/\/esclerosismultiplegalicia.org\/?s={search_term_string}\"},\"query-input\":{\"@type\":\"PropertyValueSpecification\",\"valueRequired\":true,\"valueName\":\"search_term_string\"}}],\"inLanguage\":\"gl-ES\"},{\"@type\":\"Organization\",\"@id\":\"https:\/\/esclerosismultiplegalicia.org\/#organization\",\"name\":\"FEGADEM (Federaci\u00f3n Galega de Esclerose M\u00faltiple)\",\"url\":\"https:\/\/esclerosismultiplegalicia.org\/\",\"logo\":{\"@type\":\"ImageObject\",\"inLanguage\":\"gl-ES\",\"@id\":\"https:\/\/esclerosismultiplegalicia.org\/#\/schema\/logo\/image\/\",\"url\":\"http:\/\/esclerosismultiplegalicia.org\/wp-content\/uploads\/2025\/05\/cropped-FEGADEM_Imagotipo-scaled-1.png\",\"contentUrl\":\"http:\/\/esclerosismultiplegalicia.org\/wp-content\/uploads\/2025\/05\/cropped-FEGADEM_Imagotipo-scaled-1.png\",\"width\":2558,\"height\":1138,\"caption\":\"FEGADEM (Federaci\u00f3n Galega de Esclerose M\u00faltiple)\"},\"image\":{\"@id\":\"https:\/\/esclerosismultiplegalicia.org\/#\/schema\/logo\/image\/\"},\"sameAs\":[\"https:\/\/www.facebook.com\/esclerosemultiplegal?locale=es_ES\",\"https:\/\/x.com\/fegadem\",\"https:\/\/www.instagram.com\/esclerosemultiplegal\/\",\"https:\/\/www.youtube.com\/@fegademfederaciongalegadee3374\"]}]}<\/script>\n<!-- \/ Yoast SEO plugin. -->","yoast_head_json":{"title":"ACEM Santiago - FEGADEM","robots":{"index":"index","follow":"follow","max-snippet":"max-snippet:-1","max-image-preview":"max-image-preview:large","max-video-preview":"max-video-preview:-1"},"canonical":"https:\/\/esclerosismultiplegalicia.org\/index.php\/produto\/acem-santiago\/","og_locale":"gl_ES","og_type":"article","og_title":"ACEM Santiago - FEGADEM","og_description":"Asociaci\u00f3n para persoas con EM e familiares de Santiago de Compostela e localidades pr\u00f3ximas. Ler m\u00e1is sobre ACEM Santiago","og_url":"https:\/\/esclerosismultiplegalicia.org\/index.php\/produto\/acem-santiago\/","og_site_name":"FEGADEM","article_publisher":"https:\/\/www.facebook.com\/esclerosemultiplegal?locale=es_ES","og_image":[{"width":1485,"height":1485,"url":"https:\/\/esclerosismultiplegalicia.org\/wp-content\/uploads\/2025\/06\/acem-santiago-cadrado-1.webp","type":"image\/webp"}],"twitter_card":"summary_large_image","twitter_site":"@fegadem","schema":{"@context":"https:\/\/schema.org","@graph":[{"@type":"WebPage","@id":"https:\/\/esclerosismultiplegalicia.org\/index.php\/produto\/acem-santiago\/","url":"https:\/\/esclerosismultiplegalicia.org\/index.php\/produto\/acem-santiago\/","name":"ACEM Santiago - FEGADEM","isPartOf":{"@id":"https:\/\/esclerosismultiplegalicia.org\/#website"},"primaryImageOfPage":{"@id":"https:\/\/esclerosismultiplegalicia.org\/index.php\/produto\/acem-santiago\/#primaryimage"},"image":{"@id":"https:\/\/esclerosismultiplegalicia.org\/index.php\/produto\/acem-santiago\/#primaryimage"},"thumbnailUrl":"http:\/\/esclerosismultiplegalicia.org\/wp-content\/uploads\/2025\/06\/acem-santiago-cadrado-1.webp","datePublished":"2025-07-08T10:49:48+00:00","breadcrumb":{"@id":"https:\/\/esclerosismultiplegalicia.org\/index.php\/produto\/acem-santiago\/#breadcrumb"},"inLanguage":"gl-ES","potentialAction":[{"@type":"ReadAction","target":["https:\/\/esclerosismultiplegalicia.org\/index.php\/produto\/acem-santiago\/"]}]},{"@type":"ImageObject","inLanguage":"gl-ES","@id":"https:\/\/esclerosismultiplegalicia.org\/index.php\/produto\/acem-santiago\/#primaryimage","url":"http:\/\/esclerosismultiplegalicia.org\/wp-content\/uploads\/2025\/06\/acem-santiago-cadrado-1.webp","contentUrl":"http:\/\/esclerosismultiplegalicia.org\/wp-content\/uploads\/2025\/06\/acem-santiago-cadrado-1.webp","width":1485,"height":1485},{"@type":"BreadcrumbList","@id":"https:\/\/esclerosismultiplegalicia.org\/index.php\/produto\/acem-santiago\/#breadcrumb","itemListElement":[{"@type":"ListItem","position":1,"name":"Inicio","item":"https:\/\/esclerosismultiplegalicia.org\/"},{"@type":"ListItem","position":2,"name":"Produtos","item":"http:\/\/esclerosismultiplegalicia.org\/index.php\/shop\/"},{"@type":"ListItem","position":3,"name":"ACEM Santiago"}]},{"@type":"WebSite","@id":"https:\/\/esclerosismultiplegalicia.org\/#website","url":"https:\/\/esclerosismultiplegalicia.org\/","name":"FEGADEM","description":"Traballamos mellorando a calidade de vida das persoas con Esclerose M\u00faltiple en Galicia.","publisher":{"@id":"https:\/\/esclerosismultiplegalicia.org\/#organization"},"potentialAction":[{"@type":"SearchAction","target":{"@type":"EntryPoint","urlTemplate":"https:\/\/esclerosismultiplegalicia.org\/?s={search_term_string}"},"query-input":{"@type":"PropertyValueSpecification","valueRequired":true,"valueName":"search_term_string"}}],"inLanguage":"gl-ES"},{"@type":"Organization","@id":"https:\/\/esclerosismultiplegalicia.org\/#organization","name":"FEGADEM (Federaci\u00f3n Galega de Esclerose M\u00faltiple)","url":"https:\/\/esclerosismultiplegalicia.org\/","logo":{"@type":"ImageObject","inLanguage":"gl-ES","@id":"https:\/\/esclerosismultiplegalicia.org\/#\/schema\/logo\/image\/","url":"http:\/\/esclerosismultiplegalicia.org\/wp-content\/uploads\/2025\/05\/cropped-FEGADEM_Imagotipo-scaled-1.png","contentUrl":"http:\/\/esclerosismultiplegalicia.org\/wp-content\/uploads\/2025\/05\/cropped-FEGADEM_Imagotipo-scaled-1.png","width":2558,"height":1138,"caption":"FEGADEM (Federaci\u00f3n Galega de Esclerose M\u00faltiple)"},"image":{"@id":"https:\/\/esclerosismultiplegalicia.org\/#\/schema\/logo\/image\/"},"sameAs":["https:\/\/www.facebook.com\/esclerosemultiplegal?locale=es_ES","https:\/\/x.com\/fegadem","https:\/\/www.instagram.com\/esclerosemultiplegal\/","https:\/\/www.youtube.com\/@fegademfederaciongalegadee3374"]}]}},"_links":{"self":[{"href":"http:\/\/esclerosismultiplegalicia.org\/index.php\/wp-json\/wp\/v2\/product\/2133","targetHints":{"allow":["GET"]}}],"collection":[{"href":"http:\/\/esclerosismultiplegalicia.org\/index.php\/wp-json\/wp\/v2\/product"}],"about":[{"href":"http:\/\/esclerosismultiplegalicia.org\/index.php\/wp-json\/wp\/v2\/types\/product"}],"replies":[{"embeddable":true,"href":"http:\/\/esclerosismultiplegalicia.org\/index.php\/wp-json\/wp\/v2\/comments?post=2133"}],"wp:featuredmedia":[{"embeddable":true,"href":"http:\/\/esclerosismultiplegalicia.org\/index.php\/wp-json\/wp\/v2\/media\/1956"}],"wp:attachment":[{"href":"http:\/\/esclerosismultiplegalicia.org\/index.php\/wp-json\/wp\/v2\/media?parent=2133"}],"wp:term":[{"taxonomy":"product_brand","embeddable":true,"href":"http:\/\/esclerosismultiplegalicia.org\/index.php\/wp-json\/wp\/v2\/product_brand?post=2133"},{"taxonomy":"product_cat","embeddable":true,"href":"http:\/\/esclerosismultiplegalicia.org\/index.php\/wp-json\/wp\/v2\/product_cat?post=2133"},{"taxonomy":"product_tag","embeddable":true,"href":"http:\/\/esclerosismultiplegalicia.org\/index.php\/wp-json\/wp\/v2\/product_tag?post=2133"}],"curies":[{"name":"wp","href":"https:\/\/api.w.org\/{rel}","templated":true}]}}