{"id":1743,"date":"2025-06-03T12:30:19","date_gmt":"2025-06-03T10:30:19","guid":{"rendered":"https:\/\/prueba.esclerosismultiplegalicia.org\/?page_id=1743"},"modified":"2025-10-14T14:39:39","modified_gmt":"2025-10-14T12:39:39","slug":"contas-anuais","status":"publish","type":"page","link":"http:\/\/esclerosismultiplegalicia.org\/index.php\/contas-anuais\/","title":{"rendered":"Contas Anuais"},"content":{"rendered":"\t\t<div data-elementor-type=\"wp-page\" data-elementor-id=\"1743\" class=\"elementor elementor-1743\" data-elementor-post-type=\"page\">\n\t\t\t\t<div class=\"elementor-element elementor-element-b5fbf4a e-flex e-con-boxed e-con e-parent\" data-id=\"b5fbf4a\" data-element_type=\"container\" data-settings=\"{&quot;background_background&quot;:&quot;classic&quot;}\">\n\t\t\t\t\t<div class=\"e-con-inner\">\n\t\t\t\t<div class=\"elementor-element elementor-element-2c702c5 elementor-widget elementor-widget-spacer\" data-id=\"2c702c5\" data-element_type=\"widget\" data-widget_type=\"spacer.default\">\n\t\t\t\t<div class=\"elementor-widget-container\">\n\t\t\t\t\t\t\t<div class=\"elementor-spacer\">\n\t\t\t<div class=\"elementor-spacer-inner\"><\/div>\n\t\t<\/div>\n\t\t\t\t\t\t<\/div>\n\t\t\t\t<\/div>\n\t\t\t\t<div class=\"elementor-element elementor-element-e19adee elementor-widget elementor-widget-heading\" data-id=\"e19adee\" data-element_type=\"widget\" data-widget_type=\"heading.default\">\n\t\t\t\t<div class=\"elementor-widget-container\">\n\t\t\t\t\t<h1 class=\"elementor-heading-title elementor-size-default\">Contas anuais<\/h1>\t\t\t\t<\/div>\n\t\t\t\t<\/div>\n\t\t\t\t<div class=\"elementor-element elementor-element-f239512 elementor-widget elementor-widget-heading\" data-id=\"f239512\" data-element_type=\"widget\" data-widget_type=\"heading.default\">\n\t\t\t\t<div class=\"elementor-widget-container\">\n\t\t\t\t\t<h3 class=\"elementor-heading-title elementor-size-default\">FEGADEM conta co traballo de Galaser S.L., empresa externa que xestiona a contabilidade fiscal e laboral, polo que \u00e9 quen elabora a memoria econ\u00f3mica da Federaci\u00f3n cada ano.<\/h3>\t\t\t\t<\/div>\n\t\t\t\t<\/div>\n\t\t\t\t<div class=\"elementor-element elementor-element-62807ff elementor-widget elementor-widget-spacer\" data-id=\"62807ff\" data-element_type=\"widget\" data-widget_type=\"spacer.default\">\n\t\t\t\t<div class=\"elementor-widget-container\">\n\t\t\t\t\t\t\t<div class=\"elementor-spacer\">\n\t\t\t<div class=\"elementor-spacer-inner\"><\/div>\n\t\t<\/div>\n\t\t\t\t\t\t<\/div>\n\t\t\t\t<\/div>\n\t\t\t\t\t<\/div>\n\t\t\t\t<\/div>\n\t\t<div class=\"elementor-element elementor-element-720ff76 e-flex e-con-boxed e-con e-parent\" data-id=\"720ff76\" data-element_type=\"container\">\n\t\t\t\t\t<div class=\"e-con-inner\">\n\t\t\t\t<div class=\"elementor-element elementor-element-3a404e3 elementor-widget elementor-widget-spacer\" data-id=\"3a404e3\" data-element_type=\"widget\" data-widget_type=\"spacer.default\">\n\t\t\t\t<div class=\"elementor-widget-container\">\n\t\t\t\t\t\t\t<div class=\"elementor-spacer\">\n\t\t\t<div class=\"elementor-spacer-inner\"><\/div>\n\t\t<\/div>\n\t\t\t\t\t\t<\/div>\n\t\t\t\t<\/div>\n\t\t\t\t<div class=\"elementor-element elementor-element-de7431c elementor-grid-4 elementor-grid-tablet-3 elementor-grid-mobile-2 elementor-products-grid elementor-wc-products elementor-show-pagination-border-yes elementor-widget elementor-widget-woocommerce-products\" data-id=\"de7431c\" data-element_type=\"widget\" data-widget_type=\"woocommerce-products.default\">\n\t\t\t\t<div class=\"elementor-widget-container\">\n\t\t\t\t\t<div class=\"woocommerce columns-4 \"><div class=\"woocommerce-notices-wrapper\"><\/div><ul class=\"products elementor-grid content-wrap product-archive grid-cols grid-ss-col-2 grid-sm-col-3 grid-lg-col-4 woo-archive-action-on-hover woo-archive-btn-text  woo-archive-image-hover-none\"><li class=\"entry content-bg loop-entry product type-product post-3221 status-publish first instock product_cat-contas-anuais product_cat-documentos has-post-thumbnail downloadable virtual product-type-simple\">\n\t<a href=\"http:\/\/esclerosismultiplegalicia.org\/index.php\/produto\/contas-anuais-2024\/\" class=\"woocommerce-loop-image-link woocommerce-LoopProduct-link woocommerce-loop-product__link\"><img fetchpriority=\"high\" decoding=\"async\" width=\"300\" height=\"300\" src=\"http:\/\/esclerosismultiplegalicia.org\/wp-content\/uploads\/2025\/09\/contas-anuais-300x300.png\" class=\"attachment-woocommerce_thumbnail size-woocommerce_thumbnail\" alt=\"Contas Anuais 2024\" srcset=\"http:\/\/esclerosismultiplegalicia.org\/wp-content\/uploads\/2025\/09\/contas-anuais-300x300.png 300w, http:\/\/esclerosismultiplegalicia.org\/wp-content\/uploads\/2025\/09\/contas-anuais-150x150.png 150w, http:\/\/esclerosismultiplegalicia.org\/wp-content\/uploads\/2025\/09\/contas-anuais-100x100.png 100w\" sizes=\"(max-width: 300px) 100vw, 300px\" \/><\/a><div class=\"product-details content-bg entry-content-wrap\"><h2 class=\"woocommerce-loop-product__title\"><a href=\"http:\/\/esclerosismultiplegalicia.org\/index.php\/produto\/contas-anuais-2024\/\" class=\"woocommerce-LoopProduct-link-title woocommerce-loop-product__title_ink\">Contas Anuais 2024<\/a><\/h2>\n<div class=\"product-action-wrap\"><\/div><\/div><\/li>\n<li class=\"entry content-bg loop-entry product type-product post-3219 status-publish instock product_cat-contas-anuais product_cat-documentos has-post-thumbnail downloadable virtual product-type-simple\">\n\t<a href=\"http:\/\/esclerosismultiplegalicia.org\/index.php\/produto\/contas-anuais-2023\/\" class=\"woocommerce-loop-image-link woocommerce-LoopProduct-link woocommerce-loop-product__link\"><img decoding=\"async\" width=\"300\" height=\"300\" src=\"http:\/\/esclerosismultiplegalicia.org\/wp-content\/uploads\/2025\/09\/contas-anuais-300x300.png\" class=\"attachment-woocommerce_thumbnail size-woocommerce_thumbnail\" alt=\"Contas Anuais 2023\" srcset=\"http:\/\/esclerosismultiplegalicia.org\/wp-content\/uploads\/2025\/09\/contas-anuais-300x300.png 300w, http:\/\/esclerosismultiplegalicia.org\/wp-content\/uploads\/2025\/09\/contas-anuais-150x150.png 150w, http:\/\/esclerosismultiplegalicia.org\/wp-content\/uploads\/2025\/09\/contas-anuais-100x100.png 100w\" sizes=\"(max-width: 300px) 100vw, 300px\" \/><\/a><div class=\"product-details content-bg entry-content-wrap\"><h2 class=\"woocommerce-loop-product__title\"><a href=\"http:\/\/esclerosismultiplegalicia.org\/index.php\/produto\/contas-anuais-2023\/\" class=\"woocommerce-LoopProduct-link-title woocommerce-loop-product__title_ink\">Contas Anuais 2023<\/a><\/h2>\n<div class=\"product-action-wrap\"><\/div><\/div><\/li>\n<li class=\"entry content-bg loop-entry product type-product post-3217 status-publish instock product_cat-contas-anuais product_cat-documentos has-post-thumbnail downloadable virtual product-type-simple\">\n\t<a href=\"http:\/\/esclerosismultiplegalicia.org\/index.php\/produto\/contas-anuais-2020\/\" class=\"woocommerce-loop-image-link woocommerce-LoopProduct-link woocommerce-loop-product__link\"><img decoding=\"async\" width=\"300\" height=\"300\" src=\"http:\/\/esclerosismultiplegalicia.org\/wp-content\/uploads\/2025\/09\/contas-anuais-300x300.png\" class=\"attachment-woocommerce_thumbnail size-woocommerce_thumbnail\" alt=\"Contas Anuais 2020\" srcset=\"http:\/\/esclerosismultiplegalicia.org\/wp-content\/uploads\/2025\/09\/contas-anuais-300x300.png 300w, http:\/\/esclerosismultiplegalicia.org\/wp-content\/uploads\/2025\/09\/contas-anuais-150x150.png 150w, http:\/\/esclerosismultiplegalicia.org\/wp-content\/uploads\/2025\/09\/contas-anuais-100x100.png 100w\" sizes=\"(max-width: 300px) 100vw, 300px\" \/><\/a><div class=\"product-details content-bg entry-content-wrap\"><h2 class=\"woocommerce-loop-product__title\"><a href=\"http:\/\/esclerosismultiplegalicia.org\/index.php\/produto\/contas-anuais-2020\/\" class=\"woocommerce-LoopProduct-link-title woocommerce-loop-product__title_ink\">Contas Anuais 2020<\/a><\/h2>\n<div class=\"product-action-wrap\"><\/div><\/div><\/li>\n<li class=\"entry content-bg loop-entry product type-product post-3215 status-publish last instock product_cat-contas-anuais product_cat-documentos has-post-thumbnail downloadable virtual product-type-simple\">\n\t<a href=\"http:\/\/esclerosismultiplegalicia.org\/index.php\/produto\/contas-anuais-2019\/\" class=\"woocommerce-loop-image-link woocommerce-LoopProduct-link woocommerce-loop-product__link\"><img loading=\"lazy\" decoding=\"async\" width=\"300\" height=\"300\" src=\"http:\/\/esclerosismultiplegalicia.org\/wp-content\/uploads\/2025\/09\/contas-anuais-300x300.png\" class=\"attachment-woocommerce_thumbnail size-woocommerce_thumbnail\" alt=\"Contas Anuais 2019\" srcset=\"http:\/\/esclerosismultiplegalicia.org\/wp-content\/uploads\/2025\/09\/contas-anuais-300x300.png 300w, http:\/\/esclerosismultiplegalicia.org\/wp-content\/uploads\/2025\/09\/contas-anuais-150x150.png 150w, http:\/\/esclerosismultiplegalicia.org\/wp-content\/uploads\/2025\/09\/contas-anuais-100x100.png 100w\" sizes=\"(max-width: 300px) 100vw, 300px\" \/><\/a><div class=\"product-details content-bg entry-content-wrap\"><h2 class=\"woocommerce-loop-product__title\"><a href=\"http:\/\/esclerosismultiplegalicia.org\/index.php\/produto\/contas-anuais-2019\/\" class=\"woocommerce-LoopProduct-link-title woocommerce-loop-product__title_ink\">Contas Anuais 2019<\/a><\/h2>\n<div class=\"product-action-wrap\"><\/div><\/div><\/li>\n<li class=\"entry content-bg loop-entry product type-product post-3213 status-publish first instock product_cat-contas-anuais product_cat-documentos has-post-thumbnail downloadable virtual product-type-simple\">\n\t<a href=\"http:\/\/esclerosismultiplegalicia.org\/index.php\/produto\/contas-anuais-2018\/\" class=\"woocommerce-loop-image-link woocommerce-LoopProduct-link woocommerce-loop-product__link\"><img loading=\"lazy\" decoding=\"async\" width=\"300\" height=\"300\" src=\"http:\/\/esclerosismultiplegalicia.org\/wp-content\/uploads\/2025\/09\/contas-anuais-300x300.png\" class=\"attachment-woocommerce_thumbnail size-woocommerce_thumbnail\" alt=\"Contas Anuais 2018\" srcset=\"http:\/\/esclerosismultiplegalicia.org\/wp-content\/uploads\/2025\/09\/contas-anuais-300x300.png 300w, http:\/\/esclerosismultiplegalicia.org\/wp-content\/uploads\/2025\/09\/contas-anuais-150x150.png 150w, http:\/\/esclerosismultiplegalicia.org\/wp-content\/uploads\/2025\/09\/contas-anuais-100x100.png 100w\" sizes=\"(max-width: 300px) 100vw, 300px\" \/><\/a><div class=\"product-details content-bg entry-content-wrap\"><h2 class=\"woocommerce-loop-product__title\"><a href=\"http:\/\/esclerosismultiplegalicia.org\/index.php\/produto\/contas-anuais-2018\/\" class=\"woocommerce-LoopProduct-link-title woocommerce-loop-product__title_ink\">Contas Anuais 2018<\/a><\/h2>\n<div class=\"product-action-wrap\"><\/div><\/div><\/li>\n<li class=\"entry content-bg loop-entry product type-product post-3211 status-publish instock product_cat-contas-anuais product_cat-documentos has-post-thumbnail downloadable virtual product-type-simple\">\n\t<a href=\"http:\/\/esclerosismultiplegalicia.org\/index.php\/produto\/contas-anuais-2017\/\" class=\"woocommerce-loop-image-link woocommerce-LoopProduct-link woocommerce-loop-product__link\"><img loading=\"lazy\" decoding=\"async\" width=\"300\" height=\"300\" src=\"http:\/\/esclerosismultiplegalicia.org\/wp-content\/uploads\/2025\/09\/contas-anuais-300x300.png\" class=\"attachment-woocommerce_thumbnail size-woocommerce_thumbnail\" alt=\"Contas Anuais 2017\" srcset=\"http:\/\/esclerosismultiplegalicia.org\/wp-content\/uploads\/2025\/09\/contas-anuais-300x300.png 300w, http:\/\/esclerosismultiplegalicia.org\/wp-content\/uploads\/2025\/09\/contas-anuais-150x150.png 150w, http:\/\/esclerosismultiplegalicia.org\/wp-content\/uploads\/2025\/09\/contas-anuais-100x100.png 100w\" sizes=\"(max-width: 300px) 100vw, 300px\" \/><\/a><div class=\"product-details content-bg entry-content-wrap\"><h2 class=\"woocommerce-loop-product__title\"><a href=\"http:\/\/esclerosismultiplegalicia.org\/index.php\/produto\/contas-anuais-2017\/\" class=\"woocommerce-LoopProduct-link-title woocommerce-loop-product__title_ink\">Contas Anuais 2017<\/a><\/h2>\n<div class=\"product-action-wrap\"><\/div><\/div><\/li>\n<li class=\"entry content-bg loop-entry product type-product post-3209 status-publish instock product_cat-contas-anuais product_cat-documentos has-post-thumbnail downloadable virtual product-type-simple\">\n\t<a href=\"http:\/\/esclerosismultiplegalicia.org\/index.php\/produto\/contas-anuais-2016\/\" class=\"woocommerce-loop-image-link woocommerce-LoopProduct-link woocommerce-loop-product__link\"><img loading=\"lazy\" decoding=\"async\" width=\"300\" height=\"300\" src=\"http:\/\/esclerosismultiplegalicia.org\/wp-content\/uploads\/2025\/09\/contas-anuais-300x300.png\" class=\"attachment-woocommerce_thumbnail size-woocommerce_thumbnail\" alt=\"Contas Anuais 2016\" srcset=\"http:\/\/esclerosismultiplegalicia.org\/wp-content\/uploads\/2025\/09\/contas-anuais-300x300.png 300w, http:\/\/esclerosismultiplegalicia.org\/wp-content\/uploads\/2025\/09\/contas-anuais-150x150.png 150w, http:\/\/esclerosismultiplegalicia.org\/wp-content\/uploads\/2025\/09\/contas-anuais-100x100.png 100w\" sizes=\"(max-width: 300px) 100vw, 300px\" \/><\/a><div class=\"product-details content-bg entry-content-wrap\"><h2 class=\"woocommerce-loop-product__title\"><a href=\"http:\/\/esclerosismultiplegalicia.org\/index.php\/produto\/contas-anuais-2016\/\" class=\"woocommerce-LoopProduct-link-title woocommerce-loop-product__title_ink\">Contas Anuais 2016<\/a><\/h2>\n<div class=\"product-action-wrap\"><\/div><\/div><\/li>\n<\/ul>\n<\/div>\t\t\t\t<\/div>\n\t\t\t\t<\/div>\n\t\t\t\t<div class=\"elementor-element elementor-element-59e1885 elementor-widget elementor-widget-spacer\" data-id=\"59e1885\" data-element_type=\"widget\" data-widget_type=\"spacer.default\">\n\t\t\t\t<div class=\"elementor-widget-container\">\n\t\t\t\t\t\t\t<div class=\"elementor-spacer\">\n\t\t\t<div class=\"elementor-spacer-inner\"><\/div>\n\t\t<\/div>\n\t\t\t\t\t\t<\/div>\n\t\t\t\t<\/div>\n\t\t\t\t\t<\/div>\n\t\t\t\t<\/div>\n\t\t\t\t<\/div>\n\t\t","protected":false},"excerpt":{"rendered":"<p>Contas anuais FEGADEM conta co traballo de Galaser S.L., empresa externa que xestiona a contabilidade fiscal e laboral, polo que \u00e9 quen elabora a memoria econ\u00f3mica da Federaci\u00f3n cada ano.<\/p>\n","protected":false},"author":1,"featured_media":0,"parent":0,"menu_order":0,"comment_status":"closed","ping_status":"closed","template":"","meta":{"_kad_post_transparent":"","_kad_post_title":"hide","_kad_post_layout":"fullwidth","_kad_post_sidebar_id":"","_kad_post_content_style":"unboxed","_kad_post_vertical_padding":"hide","_kad_post_feature":"hide","_kad_post_feature_position":"","_kad_post_header":false,"_kad_post_footer":false,"footnotes":""},"class_list":["post-1743","page","type-page","status-publish","hentry"],"yoast_head":"<!-- This site is optimized with the Yoast SEO plugin v26.1.1 - https:\/\/yoast.com\/wordpress\/plugins\/seo\/ -->\n<title>Contas Anuais - FEGADEM<\/title>\n<meta name=\"description\" content=\"Ano a ano, FEGADEM fai p\u00fablicas as s\u00faas contas anuais en prol de traballar pola transparencia, un dos valores principais da Federaci\u00f3n.\" \/>\n<meta name=\"robots\" content=\"index, follow, max-snippet:-1, max-image-preview:large, max-video-preview:-1\" \/>\n<link rel=\"canonical\" href=\"https:\/\/esclerosismultiplegalicia.org\/index.php\/contas-anuais\/\" \/>\n<meta property=\"og:locale\" content=\"gl_ES\" \/>\n<meta property=\"og:type\" content=\"article\" \/>\n<meta property=\"og:title\" content=\"Contas Anuais - FEGADEM\" \/>\n<meta property=\"og:description\" content=\"Ano a ano, FEGADEM fai p\u00fablicas as s\u00faas contas anuais en prol de traballar pola transparencia, un dos valores principais da Federaci\u00f3n.\" \/>\n<meta property=\"og:url\" content=\"https:\/\/esclerosismultiplegalicia.org\/index.php\/contas-anuais\/\" \/>\n<meta property=\"og:site_name\" content=\"FEGADEM\" \/>\n<meta property=\"article:publisher\" content=\"https:\/\/www.facebook.com\/esclerosemultiplegal?locale=es_ES\" \/>\n<meta property=\"article:modified_time\" content=\"2025-10-14T12:39:39+00:00\" \/>\n<meta name=\"twitter:card\" content=\"summary_large_image\" \/>\n<meta name=\"twitter:site\" content=\"@fegadem\" \/>\n<meta name=\"twitter:label1\" content=\"Tempo de lectura\" \/>\n\t<meta name=\"twitter:data1\" content=\"1 minuto\" \/>\n<script type=\"application\/ld+json\" class=\"yoast-schema-graph\">{\"@context\":\"https:\/\/schema.org\",\"@graph\":[{\"@type\":\"WebPage\",\"@id\":\"https:\/\/esclerosismultiplegalicia.org\/index.php\/contas-anuais\/\",\"url\":\"https:\/\/esclerosismultiplegalicia.org\/index.php\/contas-anuais\/\",\"name\":\"Contas Anuais - FEGADEM\",\"isPartOf\":{\"@id\":\"https:\/\/esclerosismultiplegalicia.org\/#website\"},\"datePublished\":\"2025-06-03T10:30:19+00:00\",\"dateModified\":\"2025-10-14T12:39:39+00:00\",\"description\":\"Ano a ano, FEGADEM fai p\u00fablicas as s\u00faas contas anuais en prol de traballar pola transparencia, un dos valores principais da Federaci\u00f3n.\",\"breadcrumb\":{\"@id\":\"https:\/\/esclerosismultiplegalicia.org\/index.php\/contas-anuais\/#breadcrumb\"},\"inLanguage\":\"gl-ES\",\"potentialAction\":[{\"@type\":\"ReadAction\",\"target\":[\"https:\/\/esclerosismultiplegalicia.org\/index.php\/contas-anuais\/\"]}]},{\"@type\":\"BreadcrumbList\",\"@id\":\"https:\/\/esclerosismultiplegalicia.org\/index.php\/contas-anuais\/#breadcrumb\",\"itemListElement\":[{\"@type\":\"ListItem\",\"position\":1,\"name\":\"Inicio\",\"item\":\"https:\/\/esclerosismultiplegalicia.org\/\"},{\"@type\":\"ListItem\",\"position\":2,\"name\":\"Contas Anuais\"}]},{\"@type\":\"WebSite\",\"@id\":\"https:\/\/esclerosismultiplegalicia.org\/#website\",\"url\":\"https:\/\/esclerosismultiplegalicia.org\/\",\"name\":\"FEGADEM\",\"description\":\"Traballamos mellorando a calidade de vida das persoas con Esclerose M\u00faltiple en Galicia.\",\"publisher\":{\"@id\":\"https:\/\/esclerosismultiplegalicia.org\/#organization\"},\"potentialAction\":[{\"@type\":\"SearchAction\",\"target\":{\"@type\":\"EntryPoint\",\"urlTemplate\":\"https:\/\/esclerosismultiplegalicia.org\/?s={search_term_string}\"},\"query-input\":{\"@type\":\"PropertyValueSpecification\",\"valueRequired\":true,\"valueName\":\"search_term_string\"}}],\"inLanguage\":\"gl-ES\"},{\"@type\":\"Organization\",\"@id\":\"https:\/\/esclerosismultiplegalicia.org\/#organization\",\"name\":\"FEGADEM (Federaci\u00f3n Galega de Esclerose M\u00faltiple)\",\"url\":\"https:\/\/esclerosismultiplegalicia.org\/\",\"logo\":{\"@type\":\"ImageObject\",\"inLanguage\":\"gl-ES\",\"@id\":\"https:\/\/esclerosismultiplegalicia.org\/#\/schema\/logo\/image\/\",\"url\":\"http:\/\/esclerosismultiplegalicia.org\/wp-content\/uploads\/2025\/05\/cropped-FEGADEM_Imagotipo-scaled-1.png\",\"contentUrl\":\"http:\/\/esclerosismultiplegalicia.org\/wp-content\/uploads\/2025\/05\/cropped-FEGADEM_Imagotipo-scaled-1.png\",\"width\":2558,\"height\":1138,\"caption\":\"FEGADEM (Federaci\u00f3n Galega de Esclerose M\u00faltiple)\"},\"image\":{\"@id\":\"https:\/\/esclerosismultiplegalicia.org\/#\/schema\/logo\/image\/\"},\"sameAs\":[\"https:\/\/www.facebook.com\/esclerosemultiplegal?locale=es_ES\",\"https:\/\/x.com\/fegadem\",\"https:\/\/www.instagram.com\/esclerosemultiplegal\/\",\"https:\/\/www.youtube.com\/@fegademfederaciongalegadee3374\"]}]}<\/script>\n<!-- \/ Yoast SEO plugin. -->","yoast_head_json":{"title":"Contas Anuais - FEGADEM","description":"Ano a ano, FEGADEM fai p\u00fablicas as s\u00faas contas anuais en prol de traballar pola transparencia, un dos valores principais da Federaci\u00f3n.","robots":{"index":"index","follow":"follow","max-snippet":"max-snippet:-1","max-image-preview":"max-image-preview:large","max-video-preview":"max-video-preview:-1"},"canonical":"https:\/\/esclerosismultiplegalicia.org\/index.php\/contas-anuais\/","og_locale":"gl_ES","og_type":"article","og_title":"Contas Anuais - FEGADEM","og_description":"Ano a ano, FEGADEM fai p\u00fablicas as s\u00faas contas anuais en prol de traballar pola transparencia, un dos valores principais da Federaci\u00f3n.","og_url":"https:\/\/esclerosismultiplegalicia.org\/index.php\/contas-anuais\/","og_site_name":"FEGADEM","article_publisher":"https:\/\/www.facebook.com\/esclerosemultiplegal?locale=es_ES","article_modified_time":"2025-10-14T12:39:39+00:00","twitter_card":"summary_large_image","twitter_site":"@fegadem","twitter_misc":{"Tempo de lectura":"1 minuto"},"schema":{"@context":"https:\/\/schema.org","@graph":[{"@type":"WebPage","@id":"https:\/\/esclerosismultiplegalicia.org\/index.php\/contas-anuais\/","url":"https:\/\/esclerosismultiplegalicia.org\/index.php\/contas-anuais\/","name":"Contas Anuais - FEGADEM","isPartOf":{"@id":"https:\/\/esclerosismultiplegalicia.org\/#website"},"datePublished":"2025-06-03T10:30:19+00:00","dateModified":"2025-10-14T12:39:39+00:00","description":"Ano a ano, FEGADEM fai p\u00fablicas as s\u00faas contas anuais en prol de traballar pola transparencia, un dos valores principais da Federaci\u00f3n.","breadcrumb":{"@id":"https:\/\/esclerosismultiplegalicia.org\/index.php\/contas-anuais\/#breadcrumb"},"inLanguage":"gl-ES","potentialAction":[{"@type":"ReadAction","target":["https:\/\/esclerosismultiplegalicia.org\/index.php\/contas-anuais\/"]}]},{"@type":"BreadcrumbList","@id":"https:\/\/esclerosismultiplegalicia.org\/index.php\/contas-anuais\/#breadcrumb","itemListElement":[{"@type":"ListItem","position":1,"name":"Inicio","item":"https:\/\/esclerosismultiplegalicia.org\/"},{"@type":"ListItem","position":2,"name":"Contas Anuais"}]},{"@type":"WebSite","@id":"https:\/\/esclerosismultiplegalicia.org\/#website","url":"https:\/\/esclerosismultiplegalicia.org\/","name":"FEGADEM","description":"Traballamos mellorando a calidade de vida das persoas con Esclerose M\u00faltiple en Galicia.","publisher":{"@id":"https:\/\/esclerosismultiplegalicia.org\/#organization"},"potentialAction":[{"@type":"SearchAction","target":{"@type":"EntryPoint","urlTemplate":"https:\/\/esclerosismultiplegalicia.org\/?s={search_term_string}"},"query-input":{"@type":"PropertyValueSpecification","valueRequired":true,"valueName":"search_term_string"}}],"inLanguage":"gl-ES"},{"@type":"Organization","@id":"https:\/\/esclerosismultiplegalicia.org\/#organization","name":"FEGADEM (Federaci\u00f3n Galega de Esclerose M\u00faltiple)","url":"https:\/\/esclerosismultiplegalicia.org\/","logo":{"@type":"ImageObject","inLanguage":"gl-ES","@id":"https:\/\/esclerosismultiplegalicia.org\/#\/schema\/logo\/image\/","url":"http:\/\/esclerosismultiplegalicia.org\/wp-content\/uploads\/2025\/05\/cropped-FEGADEM_Imagotipo-scaled-1.png","contentUrl":"http:\/\/esclerosismultiplegalicia.org\/wp-content\/uploads\/2025\/05\/cropped-FEGADEM_Imagotipo-scaled-1.png","width":2558,"height":1138,"caption":"FEGADEM (Federaci\u00f3n Galega de Esclerose M\u00faltiple)"},"image":{"@id":"https:\/\/esclerosismultiplegalicia.org\/#\/schema\/logo\/image\/"},"sameAs":["https:\/\/www.facebook.com\/esclerosemultiplegal?locale=es_ES","https:\/\/x.com\/fegadem","https:\/\/www.instagram.com\/esclerosemultiplegal\/","https:\/\/www.youtube.com\/@fegademfederaciongalegadee3374"]}]}},"_links":{"self":[{"href":"http:\/\/esclerosismultiplegalicia.org\/index.php\/wp-json\/wp\/v2\/pages\/1743","targetHints":{"allow":["GET"]}}],"collection":[{"href":"http:\/\/esclerosismultiplegalicia.org\/index.php\/wp-json\/wp\/v2\/pages"}],"about":[{"href":"http:\/\/esclerosismultiplegalicia.org\/index.php\/wp-json\/wp\/v2\/types\/page"}],"author":[{"embeddable":true,"href":"http:\/\/esclerosismultiplegalicia.org\/index.php\/wp-json\/wp\/v2\/users\/1"}],"replies":[{"embeddable":true,"href":"http:\/\/esclerosismultiplegalicia.org\/index.php\/wp-json\/wp\/v2\/comments?post=1743"}],"version-history":[{"count":19,"href":"http:\/\/esclerosismultiplegalicia.org\/index.php\/wp-json\/wp\/v2\/pages\/1743\/revisions"}],"predecessor-version":[{"id":3228,"href":"http:\/\/esclerosismultiplegalicia.org\/index.php\/wp-json\/wp\/v2\/pages\/1743\/revisions\/3228"}],"wp:attachment":[{"href":"http:\/\/esclerosismultiplegalicia.org\/index.php\/wp-json\/wp\/v2\/media?parent=1743"}],"curies":[{"name":"wp","href":"https:\/\/api.w.org\/{rel}","templated":true}]}}