{"id":1734,"date":"2025-06-03T12:27:51","date_gmt":"2025-06-03T10:27:51","guid":{"rendered":"https:\/\/prueba.esclerosismultiplegalicia.org\/?page_id=1734"},"modified":"2025-10-14T14:27:01","modified_gmt":"2025-10-14T12:27:01","slug":"memorias-de-actividades","status":"publish","type":"page","link":"http:\/\/esclerosismultiplegalicia.org\/index.php\/memorias-de-actividades\/","title":{"rendered":"Memorias de Actividades"},"content":{"rendered":"\t\t<div data-elementor-type=\"wp-page\" data-elementor-id=\"1734\" class=\"elementor elementor-1734\" data-elementor-post-type=\"page\">\n\t\t\t\t<div class=\"elementor-element elementor-element-5d47e55 e-flex e-con-boxed e-con e-parent\" data-id=\"5d47e55\" data-element_type=\"container\" data-settings=\"{&quot;background_background&quot;:&quot;classic&quot;}\">\n\t\t\t\t\t<div class=\"e-con-inner\">\n\t\t\t\t<div class=\"elementor-element elementor-element-0ba60ac elementor-widget elementor-widget-spacer\" data-id=\"0ba60ac\" data-element_type=\"widget\" data-widget_type=\"spacer.default\">\n\t\t\t\t<div class=\"elementor-widget-container\">\n\t\t\t\t\t\t\t<div class=\"elementor-spacer\">\n\t\t\t<div class=\"elementor-spacer-inner\"><\/div>\n\t\t<\/div>\n\t\t\t\t\t\t<\/div>\n\t\t\t\t<\/div>\n\t\t\t\t<div class=\"elementor-element elementor-element-664c5f6 elementor-widget elementor-widget-heading\" data-id=\"664c5f6\" data-element_type=\"widget\" data-widget_type=\"heading.default\">\n\t\t\t\t<div class=\"elementor-widget-container\">\n\t\t\t\t\t<h1 class=\"elementor-heading-title elementor-size-default\">Memorias de Actividades<\/h1>\t\t\t\t<\/div>\n\t\t\t\t<\/div>\n\t\t\t\t<div class=\"elementor-element elementor-element-a45653e elementor-widget elementor-widget-heading\" data-id=\"a45653e\" data-element_type=\"widget\" data-widget_type=\"heading.default\">\n\t\t\t\t<div class=\"elementor-widget-container\">\n\t\t\t\t\t<h3 class=\"elementor-heading-title elementor-size-default\">En FEGADEM anualmente elaboramos unha memoria coas actividades e o traballo levado a cabo durante o ano. Todas van acorde cos compromisos\u00a0adquiridos no momento en que a Federaci\u00f3n se creou e decidiu\u00a0dar resposta \u00e1s necesidades\u00a0do colectivo de persoas con EM e familias. <\/h3>\t\t\t\t<\/div>\n\t\t\t\t<\/div>\n\t\t\t\t<div class=\"elementor-element elementor-element-d16e226 elementor-widget elementor-widget-spacer\" data-id=\"d16e226\" data-element_type=\"widget\" data-widget_type=\"spacer.default\">\n\t\t\t\t<div class=\"elementor-widget-container\">\n\t\t\t\t\t\t\t<div class=\"elementor-spacer\">\n\t\t\t<div class=\"elementor-spacer-inner\"><\/div>\n\t\t<\/div>\n\t\t\t\t\t\t<\/div>\n\t\t\t\t<\/div>\n\t\t\t\t\t<\/div>\n\t\t\t\t<\/div>\n\t\t<div class=\"elementor-element elementor-element-e28b9ec e-flex e-con-boxed e-con e-parent\" data-id=\"e28b9ec\" data-element_type=\"container\">\n\t\t\t\t\t<div class=\"e-con-inner\">\n\t\t\t\t<div class=\"elementor-element elementor-element-6c3f27f elementor-widget elementor-widget-spacer\" data-id=\"6c3f27f\" data-element_type=\"widget\" data-widget_type=\"spacer.default\">\n\t\t\t\t<div class=\"elementor-widget-container\">\n\t\t\t\t\t\t\t<div class=\"elementor-spacer\">\n\t\t\t<div class=\"elementor-spacer-inner\"><\/div>\n\t\t<\/div>\n\t\t\t\t\t\t<\/div>\n\t\t\t\t<\/div>\n\t\t\t\t<div class=\"elementor-element elementor-element-cbef3c1 elementor-grid-4 elementor-grid-tablet-3 elementor-grid-mobile-2 elementor-products-grid elementor-wc-products elementor-show-pagination-border-yes elementor-widget elementor-widget-woocommerce-products\" data-id=\"cbef3c1\" data-element_type=\"widget\" data-widget_type=\"woocommerce-products.default\">\n\t\t\t\t<div class=\"elementor-widget-container\">\n\t\t\t\t\t<div class=\"woocommerce columns-4 \"><div class=\"woocommerce-notices-wrapper\"><\/div><ul class=\"products elementor-grid content-wrap product-archive grid-cols grid-ss-col-2 grid-sm-col-3 grid-lg-col-4 woo-archive-action-on-hover woo-archive-btn-text  woo-archive-image-hover-none\"><li class=\"entry content-bg loop-entry product type-product post-3159 status-publish first instock product_cat-documentos product_cat-memorias-de-actividades has-post-thumbnail downloadable virtual product-type-simple\">\n\t<a href=\"http:\/\/esclerosismultiplegalicia.org\/index.php\/produto\/memoria-de-actividades-2024\/\" class=\"woocommerce-loop-image-link woocommerce-LoopProduct-link woocommerce-loop-product__link\"><img fetchpriority=\"high\" decoding=\"async\" width=\"300\" height=\"300\" src=\"http:\/\/esclerosismultiplegalicia.org\/wp-content\/uploads\/2017\/01\/MEMORIA-DE-ACTIVIDADES-300x300.png\" class=\"attachment-woocommerce_thumbnail size-woocommerce_thumbnail\" alt=\"Memoria de Actividades 2024\" srcset=\"http:\/\/esclerosismultiplegalicia.org\/wp-content\/uploads\/2017\/01\/MEMORIA-DE-ACTIVIDADES-300x300.png 300w, http:\/\/esclerosismultiplegalicia.org\/wp-content\/uploads\/2017\/01\/MEMORIA-DE-ACTIVIDADES-150x150.png 150w, http:\/\/esclerosismultiplegalicia.org\/wp-content\/uploads\/2017\/01\/MEMORIA-DE-ACTIVIDADES-100x100.png 100w\" sizes=\"(max-width: 300px) 100vw, 300px\" \/><\/a><div class=\"product-details content-bg entry-content-wrap\"><h2 class=\"woocommerce-loop-product__title\"><a href=\"http:\/\/esclerosismultiplegalicia.org\/index.php\/produto\/memoria-de-actividades-2024\/\" class=\"woocommerce-LoopProduct-link-title woocommerce-loop-product__title_ink\">Memoria de Actividades 2024<\/a><\/h2>\n<div class=\"product-action-wrap\"><\/div><\/div><\/li>\n<li class=\"entry content-bg loop-entry product type-product post-3143 status-publish instock product_cat-documentos product_cat-memorias-de-actividades has-post-thumbnail downloadable virtual product-type-simple\">\n\t<a href=\"http:\/\/esclerosismultiplegalicia.org\/index.php\/produto\/memoria-de-actividades-2023\/\" class=\"woocommerce-loop-image-link woocommerce-LoopProduct-link woocommerce-loop-product__link\"><img decoding=\"async\" width=\"300\" height=\"300\" src=\"http:\/\/esclerosismultiplegalicia.org\/wp-content\/uploads\/2017\/01\/MEMORIA-DE-ACTIVIDADES-300x300.png\" class=\"attachment-woocommerce_thumbnail size-woocommerce_thumbnail\" alt=\"Memoria de Actividades 2023\" srcset=\"http:\/\/esclerosismultiplegalicia.org\/wp-content\/uploads\/2017\/01\/MEMORIA-DE-ACTIVIDADES-300x300.png 300w, http:\/\/esclerosismultiplegalicia.org\/wp-content\/uploads\/2017\/01\/MEMORIA-DE-ACTIVIDADES-150x150.png 150w, http:\/\/esclerosismultiplegalicia.org\/wp-content\/uploads\/2017\/01\/MEMORIA-DE-ACTIVIDADES-100x100.png 100w\" sizes=\"(max-width: 300px) 100vw, 300px\" \/><\/a><div class=\"product-details content-bg entry-content-wrap\"><h2 class=\"woocommerce-loop-product__title\"><a href=\"http:\/\/esclerosismultiplegalicia.org\/index.php\/produto\/memoria-de-actividades-2023\/\" class=\"woocommerce-LoopProduct-link-title woocommerce-loop-product__title_ink\">Memoria de Actividades 2023<\/a><\/h2>\n<div class=\"product-action-wrap\"><\/div><\/div><\/li>\n<li class=\"entry content-bg loop-entry product type-product post-3146 status-publish instock product_cat-documentos product_cat-memorias-de-actividades has-post-thumbnail downloadable virtual product-type-simple\">\n\t<a href=\"http:\/\/esclerosismultiplegalicia.org\/index.php\/produto\/memoria-de-actividades-2022\/\" class=\"woocommerce-loop-image-link woocommerce-LoopProduct-link woocommerce-loop-product__link\"><img decoding=\"async\" width=\"300\" height=\"300\" src=\"http:\/\/esclerosismultiplegalicia.org\/wp-content\/uploads\/2017\/01\/MEMORIA-DE-ACTIVIDADES-300x300.png\" class=\"attachment-woocommerce_thumbnail size-woocommerce_thumbnail\" alt=\"Memoria de Actividades 2022\" srcset=\"http:\/\/esclerosismultiplegalicia.org\/wp-content\/uploads\/2017\/01\/MEMORIA-DE-ACTIVIDADES-300x300.png 300w, http:\/\/esclerosismultiplegalicia.org\/wp-content\/uploads\/2017\/01\/MEMORIA-DE-ACTIVIDADES-150x150.png 150w, http:\/\/esclerosismultiplegalicia.org\/wp-content\/uploads\/2017\/01\/MEMORIA-DE-ACTIVIDADES-100x100.png 100w\" sizes=\"(max-width: 300px) 100vw, 300px\" \/><\/a><div class=\"product-details content-bg entry-content-wrap\"><h2 class=\"woocommerce-loop-product__title\"><a href=\"http:\/\/esclerosismultiplegalicia.org\/index.php\/produto\/memoria-de-actividades-2022\/\" class=\"woocommerce-LoopProduct-link-title woocommerce-loop-product__title_ink\">Memoria de Actividades 2022<\/a><\/h2>\n<div class=\"product-action-wrap\"><\/div><\/div><\/li>\n<li class=\"entry content-bg loop-entry product type-product post-3149 status-publish last instock product_cat-documentos product_cat-memorias-de-actividades has-post-thumbnail downloadable virtual product-type-simple\">\n\t<a href=\"http:\/\/esclerosismultiplegalicia.org\/index.php\/produto\/memoria-de-actividades-2021\/\" class=\"woocommerce-loop-image-link woocommerce-LoopProduct-link woocommerce-loop-product__link\"><img loading=\"lazy\" decoding=\"async\" width=\"300\" height=\"300\" src=\"http:\/\/esclerosismultiplegalicia.org\/wp-content\/uploads\/2017\/01\/MEMORIA-DE-ACTIVIDADES-300x300.png\" class=\"attachment-woocommerce_thumbnail size-woocommerce_thumbnail\" alt=\"Memoria de Actividades 2021\" srcset=\"http:\/\/esclerosismultiplegalicia.org\/wp-content\/uploads\/2017\/01\/MEMORIA-DE-ACTIVIDADES-300x300.png 300w, http:\/\/esclerosismultiplegalicia.org\/wp-content\/uploads\/2017\/01\/MEMORIA-DE-ACTIVIDADES-150x150.png 150w, http:\/\/esclerosismultiplegalicia.org\/wp-content\/uploads\/2017\/01\/MEMORIA-DE-ACTIVIDADES-100x100.png 100w\" sizes=\"(max-width: 300px) 100vw, 300px\" \/><\/a><div class=\"product-details content-bg entry-content-wrap\"><h2 class=\"woocommerce-loop-product__title\"><a href=\"http:\/\/esclerosismultiplegalicia.org\/index.php\/produto\/memoria-de-actividades-2021\/\" class=\"woocommerce-LoopProduct-link-title woocommerce-loop-product__title_ink\">Memoria de Actividades 2021<\/a><\/h2>\n<div class=\"product-action-wrap\"><\/div><\/div><\/li>\n<li class=\"entry content-bg loop-entry product type-product post-3151 status-publish first instock product_cat-documentos product_cat-memorias-de-actividades has-post-thumbnail downloadable virtual product-type-simple\">\n\t<a href=\"http:\/\/esclerosismultiplegalicia.org\/index.php\/produto\/memoria-de-actividades-2020\/\" class=\"woocommerce-loop-image-link woocommerce-LoopProduct-link woocommerce-loop-product__link\"><img loading=\"lazy\" decoding=\"async\" width=\"300\" height=\"300\" src=\"http:\/\/esclerosismultiplegalicia.org\/wp-content\/uploads\/2017\/01\/MEMORIA-DE-ACTIVIDADES-300x300.png\" class=\"attachment-woocommerce_thumbnail size-woocommerce_thumbnail\" alt=\"Memoria de Actividades 2020\" srcset=\"http:\/\/esclerosismultiplegalicia.org\/wp-content\/uploads\/2017\/01\/MEMORIA-DE-ACTIVIDADES-300x300.png 300w, http:\/\/esclerosismultiplegalicia.org\/wp-content\/uploads\/2017\/01\/MEMORIA-DE-ACTIVIDADES-150x150.png 150w, http:\/\/esclerosismultiplegalicia.org\/wp-content\/uploads\/2017\/01\/MEMORIA-DE-ACTIVIDADES-100x100.png 100w\" sizes=\"(max-width: 300px) 100vw, 300px\" \/><\/a><div class=\"product-details content-bg entry-content-wrap\"><h2 class=\"woocommerce-loop-product__title\"><a href=\"http:\/\/esclerosismultiplegalicia.org\/index.php\/produto\/memoria-de-actividades-2020\/\" class=\"woocommerce-LoopProduct-link-title woocommerce-loop-product__title_ink\">Memoria de Actividades 2020<\/a><\/h2>\n<div class=\"product-action-wrap\"><\/div><\/div><\/li>\n<li class=\"entry content-bg loop-entry product type-product post-3153 status-publish instock product_cat-documentos product_cat-memorias-de-actividades has-post-thumbnail downloadable virtual product-type-simple\">\n\t<a href=\"http:\/\/esclerosismultiplegalicia.org\/index.php\/produto\/memoria-de-actividades-2019\/\" class=\"woocommerce-loop-image-link woocommerce-LoopProduct-link woocommerce-loop-product__link\"><img loading=\"lazy\" decoding=\"async\" width=\"300\" height=\"300\" src=\"http:\/\/esclerosismultiplegalicia.org\/wp-content\/uploads\/2017\/01\/MEMORIA-DE-ACTIVIDADES-300x300.png\" class=\"attachment-woocommerce_thumbnail size-woocommerce_thumbnail\" alt=\"Memoria de Actividades 2019\" srcset=\"http:\/\/esclerosismultiplegalicia.org\/wp-content\/uploads\/2017\/01\/MEMORIA-DE-ACTIVIDADES-300x300.png 300w, http:\/\/esclerosismultiplegalicia.org\/wp-content\/uploads\/2017\/01\/MEMORIA-DE-ACTIVIDADES-150x150.png 150w, http:\/\/esclerosismultiplegalicia.org\/wp-content\/uploads\/2017\/01\/MEMORIA-DE-ACTIVIDADES-100x100.png 100w\" sizes=\"(max-width: 300px) 100vw, 300px\" \/><\/a><div class=\"product-details content-bg entry-content-wrap\"><h2 class=\"woocommerce-loop-product__title\"><a href=\"http:\/\/esclerosismultiplegalicia.org\/index.php\/produto\/memoria-de-actividades-2019\/\" class=\"woocommerce-LoopProduct-link-title woocommerce-loop-product__title_ink\">Memoria de Actividades 2019<\/a><\/h2>\n<div class=\"product-action-wrap\"><\/div><\/div><\/li>\n<li class=\"entry content-bg loop-entry product type-product post-3162 status-publish instock product_cat-documentos product_cat-memorias-de-actividades has-post-thumbnail downloadable virtual product-type-simple\">\n\t<a href=\"http:\/\/esclerosismultiplegalicia.org\/index.php\/produto\/memoria-de-actividades-2018\/\" class=\"woocommerce-loop-image-link woocommerce-LoopProduct-link woocommerce-loop-product__link\"><img loading=\"lazy\" decoding=\"async\" width=\"300\" height=\"300\" src=\"http:\/\/esclerosismultiplegalicia.org\/wp-content\/uploads\/2017\/01\/MEMORIA-DE-ACTIVIDADES-300x300.png\" class=\"attachment-woocommerce_thumbnail size-woocommerce_thumbnail\" alt=\"Memoria de Actividades 2018\" srcset=\"http:\/\/esclerosismultiplegalicia.org\/wp-content\/uploads\/2017\/01\/MEMORIA-DE-ACTIVIDADES-300x300.png 300w, http:\/\/esclerosismultiplegalicia.org\/wp-content\/uploads\/2017\/01\/MEMORIA-DE-ACTIVIDADES-150x150.png 150w, http:\/\/esclerosismultiplegalicia.org\/wp-content\/uploads\/2017\/01\/MEMORIA-DE-ACTIVIDADES-100x100.png 100w\" sizes=\"(max-width: 300px) 100vw, 300px\" \/><\/a><div class=\"product-details content-bg entry-content-wrap\"><h2 class=\"woocommerce-loop-product__title\"><a href=\"http:\/\/esclerosismultiplegalicia.org\/index.php\/produto\/memoria-de-actividades-2018\/\" class=\"woocommerce-LoopProduct-link-title woocommerce-loop-product__title_ink\">Memoria de Actividades 2018<\/a><\/h2>\n<div class=\"product-action-wrap\"><\/div><\/div><\/li>\n<li class=\"entry content-bg loop-entry product type-product post-3155 status-publish last instock product_cat-documentos product_cat-memorias-de-actividades has-post-thumbnail downloadable virtual product-type-simple\">\n\t<a href=\"http:\/\/esclerosismultiplegalicia.org\/index.php\/produto\/memoria-de-actividades-2017\/\" class=\"woocommerce-loop-image-link woocommerce-LoopProduct-link woocommerce-loop-product__link\"><img loading=\"lazy\" decoding=\"async\" width=\"300\" height=\"300\" src=\"http:\/\/esclerosismultiplegalicia.org\/wp-content\/uploads\/2017\/01\/MEMORIA-DE-ACTIVIDADES-300x300.png\" class=\"attachment-woocommerce_thumbnail size-woocommerce_thumbnail\" alt=\"Memoria de Actividades 2017\" srcset=\"http:\/\/esclerosismultiplegalicia.org\/wp-content\/uploads\/2017\/01\/MEMORIA-DE-ACTIVIDADES-300x300.png 300w, http:\/\/esclerosismultiplegalicia.org\/wp-content\/uploads\/2017\/01\/MEMORIA-DE-ACTIVIDADES-150x150.png 150w, http:\/\/esclerosismultiplegalicia.org\/wp-content\/uploads\/2017\/01\/MEMORIA-DE-ACTIVIDADES-100x100.png 100w\" sizes=\"(max-width: 300px) 100vw, 300px\" \/><\/a><div class=\"product-details content-bg entry-content-wrap\"><h2 class=\"woocommerce-loop-product__title\"><a href=\"http:\/\/esclerosismultiplegalicia.org\/index.php\/produto\/memoria-de-actividades-2017\/\" class=\"woocommerce-LoopProduct-link-title woocommerce-loop-product__title_ink\">Memoria de Actividades 2017<\/a><\/h2>\n<div class=\"product-action-wrap\"><\/div><\/div><\/li>\n<\/ul>\n<nav class=\"woocommerce-pagination\" aria-label=\"Paxinaci\u00f3n de produto\">\n\t<ul class='page-numbers'>\n\t<li><span aria-label=\"P\u00e1xina 1\" aria-current=\"page\" class=\"page-numbers current\">1<\/span><\/li>\n\t<li><a aria-label=\"P\u00e1xina 2\" class=\"page-numbers\" href=\"\/index.php\/wp-json\/wp\/v2\/pages\/1734?product-page=2\">2<\/a><\/li>\n\t<li><a class=\"next page-numbers\" href=\"\/index.php\/wp-json\/wp\/v2\/pages\/1734?product-page=2\">&rarr;<\/a><\/li>\n<\/ul>\n<\/nav>\n<\/div>\t\t\t\t<\/div>\n\t\t\t\t<\/div>\n\t\t\t\t<div class=\"elementor-element elementor-element-1035d29 elementor-widget elementor-widget-spacer\" data-id=\"1035d29\" data-element_type=\"widget\" data-widget_type=\"spacer.default\">\n\t\t\t\t<div class=\"elementor-widget-container\">\n\t\t\t\t\t\t\t<div class=\"elementor-spacer\">\n\t\t\t<div class=\"elementor-spacer-inner\"><\/div>\n\t\t<\/div>\n\t\t\t\t\t\t<\/div>\n\t\t\t\t<\/div>\n\t\t\t\t\t<\/div>\n\t\t\t\t<\/div>\n\t\t\t\t<\/div>\n\t\t","protected":false},"excerpt":{"rendered":"<p>Memorias de Actividades En FEGADEM anualmente elaboramos unha memoria coas actividades e o traballo levado a cabo durante o ano. Todas van acorde cos compromisos\u00a0adquiridos no momento en que a Federaci\u00f3n se creou e decidiu\u00a0dar resposta \u00e1s necesidades\u00a0do colectivo de persoas con EM e familias.<\/p>\n","protected":false},"author":1,"featured_media":0,"parent":0,"menu_order":0,"comment_status":"closed","ping_status":"closed","template":"","meta":{"_kad_post_transparent":"","_kad_post_title":"hide","_kad_post_layout":"fullwidth","_kad_post_sidebar_id":"","_kad_post_content_style":"unboxed","_kad_post_vertical_padding":"hide","_kad_post_feature":"hide","_kad_post_feature_position":"","_kad_post_header":false,"_kad_post_footer":false,"footnotes":""},"class_list":["post-1734","page","type-page","status-publish","hentry"],"yoast_head":"<!-- This site is optimized with the Yoast SEO plugin v26.1.1 - https:\/\/yoast.com\/wordpress\/plugins\/seo\/ -->\n<title>Memorias de Actividades - FEGADEM<\/title>\n<meta name=\"description\" content=\"Nesta p\u00e1xina podes consultar as memorias de actividades da Federaci\u00f3n Galega de Esclerose M\u00faltiple (FEGADEM).\" \/>\n<meta name=\"robots\" content=\"index, follow, max-snippet:-1, max-image-preview:large, max-video-preview:-1\" \/>\n<link rel=\"canonical\" href=\"http:\/\/esclerosismultiplegalicia.org\/index.php\/memorias-de-actividades\/\" \/>\n<meta property=\"og:locale\" content=\"gl_ES\" \/>\n<meta property=\"og:type\" content=\"article\" \/>\n<meta property=\"og:title\" content=\"Memorias de Actividades - FEGADEM\" \/>\n<meta property=\"og:description\" content=\"Nesta p\u00e1xina podes consultar as memorias de actividades da Federaci\u00f3n Galega de Esclerose M\u00faltiple (FEGADEM).\" \/>\n<meta property=\"og:url\" content=\"http:\/\/esclerosismultiplegalicia.org\/index.php\/memorias-de-actividades\/\" \/>\n<meta property=\"og:site_name\" content=\"FEGADEM\" \/>\n<meta property=\"article:publisher\" content=\"https:\/\/www.facebook.com\/esclerosemultiplegal?locale=es_ES\" \/>\n<meta property=\"article:modified_time\" content=\"2025-10-14T12:27:01+00:00\" \/>\n<meta name=\"twitter:card\" content=\"summary_large_image\" \/>\n<meta name=\"twitter:site\" content=\"@fegadem\" \/>\n<meta name=\"twitter:label1\" content=\"Tempo de lectura\" \/>\n\t<meta name=\"twitter:data1\" content=\"1 minuto\" \/>\n<script type=\"application\/ld+json\" class=\"yoast-schema-graph\">{\"@context\":\"https:\/\/schema.org\",\"@graph\":[{\"@type\":\"WebPage\",\"@id\":\"http:\/\/esclerosismultiplegalicia.org\/index.php\/memorias-de-actividades\/\",\"url\":\"http:\/\/esclerosismultiplegalicia.org\/index.php\/memorias-de-actividades\/\",\"name\":\"Memorias de Actividades - FEGADEM\",\"isPartOf\":{\"@id\":\"https:\/\/esclerosismultiplegalicia.org\/#website\"},\"datePublished\":\"2025-06-03T10:27:51+00:00\",\"dateModified\":\"2025-10-14T12:27:01+00:00\",\"description\":\"Nesta p\u00e1xina podes consultar as memorias de actividades da Federaci\u00f3n Galega de Esclerose M\u00faltiple (FEGADEM).\",\"breadcrumb\":{\"@id\":\"http:\/\/esclerosismultiplegalicia.org\/index.php\/memorias-de-actividades\/#breadcrumb\"},\"inLanguage\":\"gl-ES\",\"potentialAction\":[{\"@type\":\"ReadAction\",\"target\":[\"http:\/\/esclerosismultiplegalicia.org\/index.php\/memorias-de-actividades\/\"]}]},{\"@type\":\"BreadcrumbList\",\"@id\":\"http:\/\/esclerosismultiplegalicia.org\/index.php\/memorias-de-actividades\/#breadcrumb\",\"itemListElement\":[{\"@type\":\"ListItem\",\"position\":1,\"name\":\"Inicio\",\"item\":\"http:\/\/esclerosismultiplegalicia.org\/\"},{\"@type\":\"ListItem\",\"position\":2,\"name\":\"Memorias de Actividades\"}]},{\"@type\":\"WebSite\",\"@id\":\"https:\/\/esclerosismultiplegalicia.org\/#website\",\"url\":\"https:\/\/esclerosismultiplegalicia.org\/\",\"name\":\"FEGADEM\",\"description\":\"Traballamos mellorando a calidade de vida das persoas con Esclerose M\u00faltiple en Galicia.\",\"publisher\":{\"@id\":\"https:\/\/esclerosismultiplegalicia.org\/#organization\"},\"potentialAction\":[{\"@type\":\"SearchAction\",\"target\":{\"@type\":\"EntryPoint\",\"urlTemplate\":\"https:\/\/esclerosismultiplegalicia.org\/?s={search_term_string}\"},\"query-input\":{\"@type\":\"PropertyValueSpecification\",\"valueRequired\":true,\"valueName\":\"search_term_string\"}}],\"inLanguage\":\"gl-ES\"},{\"@type\":\"Organization\",\"@id\":\"https:\/\/esclerosismultiplegalicia.org\/#organization\",\"name\":\"FEGADEM (Federaci\u00f3n Galega de Esclerose M\u00faltiple)\",\"url\":\"https:\/\/esclerosismultiplegalicia.org\/\",\"logo\":{\"@type\":\"ImageObject\",\"inLanguage\":\"gl-ES\",\"@id\":\"https:\/\/esclerosismultiplegalicia.org\/#\/schema\/logo\/image\/\",\"url\":\"http:\/\/esclerosismultiplegalicia.org\/wp-content\/uploads\/2025\/05\/cropped-FEGADEM_Imagotipo-scaled-1.png\",\"contentUrl\":\"http:\/\/esclerosismultiplegalicia.org\/wp-content\/uploads\/2025\/05\/cropped-FEGADEM_Imagotipo-scaled-1.png\",\"width\":2558,\"height\":1138,\"caption\":\"FEGADEM (Federaci\u00f3n Galega de Esclerose M\u00faltiple)\"},\"image\":{\"@id\":\"https:\/\/esclerosismultiplegalicia.org\/#\/schema\/logo\/image\/\"},\"sameAs\":[\"https:\/\/www.facebook.com\/esclerosemultiplegal?locale=es_ES\",\"https:\/\/x.com\/fegadem\",\"https:\/\/www.instagram.com\/esclerosemultiplegal\/\",\"https:\/\/www.youtube.com\/@fegademfederaciongalegadee3374\"]}]}<\/script>\n<!-- \/ Yoast SEO plugin. -->","yoast_head_json":{"title":"Memorias de Actividades - FEGADEM","description":"Nesta p\u00e1xina podes consultar as memorias de actividades da Federaci\u00f3n Galega de Esclerose M\u00faltiple (FEGADEM).","robots":{"index":"index","follow":"follow","max-snippet":"max-snippet:-1","max-image-preview":"max-image-preview:large","max-video-preview":"max-video-preview:-1"},"canonical":"http:\/\/esclerosismultiplegalicia.org\/index.php\/memorias-de-actividades\/","og_locale":"gl_ES","og_type":"article","og_title":"Memorias de Actividades - FEGADEM","og_description":"Nesta p\u00e1xina podes consultar as memorias de actividades da Federaci\u00f3n Galega de Esclerose M\u00faltiple (FEGADEM).","og_url":"http:\/\/esclerosismultiplegalicia.org\/index.php\/memorias-de-actividades\/","og_site_name":"FEGADEM","article_publisher":"https:\/\/www.facebook.com\/esclerosemultiplegal?locale=es_ES","article_modified_time":"2025-10-14T12:27:01+00:00","twitter_card":"summary_large_image","twitter_site":"@fegadem","twitter_misc":{"Tempo de lectura":"1 minuto"},"schema":{"@context":"https:\/\/schema.org","@graph":[{"@type":"WebPage","@id":"http:\/\/esclerosismultiplegalicia.org\/index.php\/memorias-de-actividades\/","url":"http:\/\/esclerosismultiplegalicia.org\/index.php\/memorias-de-actividades\/","name":"Memorias de Actividades - FEGADEM","isPartOf":{"@id":"https:\/\/esclerosismultiplegalicia.org\/#website"},"datePublished":"2025-06-03T10:27:51+00:00","dateModified":"2025-10-14T12:27:01+00:00","description":"Nesta p\u00e1xina podes consultar as memorias de actividades da Federaci\u00f3n Galega de Esclerose M\u00faltiple (FEGADEM).","breadcrumb":{"@id":"http:\/\/esclerosismultiplegalicia.org\/index.php\/memorias-de-actividades\/#breadcrumb"},"inLanguage":"gl-ES","potentialAction":[{"@type":"ReadAction","target":["http:\/\/esclerosismultiplegalicia.org\/index.php\/memorias-de-actividades\/"]}]},{"@type":"BreadcrumbList","@id":"http:\/\/esclerosismultiplegalicia.org\/index.php\/memorias-de-actividades\/#breadcrumb","itemListElement":[{"@type":"ListItem","position":1,"name":"Inicio","item":"http:\/\/esclerosismultiplegalicia.org\/"},{"@type":"ListItem","position":2,"name":"Memorias de Actividades"}]},{"@type":"WebSite","@id":"https:\/\/esclerosismultiplegalicia.org\/#website","url":"https:\/\/esclerosismultiplegalicia.org\/","name":"FEGADEM","description":"Traballamos mellorando a calidade de vida das persoas con Esclerose M\u00faltiple en Galicia.","publisher":{"@id":"https:\/\/esclerosismultiplegalicia.org\/#organization"},"potentialAction":[{"@type":"SearchAction","target":{"@type":"EntryPoint","urlTemplate":"https:\/\/esclerosismultiplegalicia.org\/?s={search_term_string}"},"query-input":{"@type":"PropertyValueSpecification","valueRequired":true,"valueName":"search_term_string"}}],"inLanguage":"gl-ES"},{"@type":"Organization","@id":"https:\/\/esclerosismultiplegalicia.org\/#organization","name":"FEGADEM (Federaci\u00f3n Galega de Esclerose M\u00faltiple)","url":"https:\/\/esclerosismultiplegalicia.org\/","logo":{"@type":"ImageObject","inLanguage":"gl-ES","@id":"https:\/\/esclerosismultiplegalicia.org\/#\/schema\/logo\/image\/","url":"http:\/\/esclerosismultiplegalicia.org\/wp-content\/uploads\/2025\/05\/cropped-FEGADEM_Imagotipo-scaled-1.png","contentUrl":"http:\/\/esclerosismultiplegalicia.org\/wp-content\/uploads\/2025\/05\/cropped-FEGADEM_Imagotipo-scaled-1.png","width":2558,"height":1138,"caption":"FEGADEM (Federaci\u00f3n Galega de Esclerose M\u00faltiple)"},"image":{"@id":"https:\/\/esclerosismultiplegalicia.org\/#\/schema\/logo\/image\/"},"sameAs":["https:\/\/www.facebook.com\/esclerosemultiplegal?locale=es_ES","https:\/\/x.com\/fegadem","https:\/\/www.instagram.com\/esclerosemultiplegal\/","https:\/\/www.youtube.com\/@fegademfederaciongalegadee3374"]}]}},"_links":{"self":[{"href":"http:\/\/esclerosismultiplegalicia.org\/index.php\/wp-json\/wp\/v2\/pages\/1734","targetHints":{"allow":["GET"]}}],"collection":[{"href":"http:\/\/esclerosismultiplegalicia.org\/index.php\/wp-json\/wp\/v2\/pages"}],"about":[{"href":"http:\/\/esclerosismultiplegalicia.org\/index.php\/wp-json\/wp\/v2\/types\/page"}],"author":[{"embeddable":true,"href":"http:\/\/esclerosismultiplegalicia.org\/index.php\/wp-json\/wp\/v2\/users\/1"}],"replies":[{"embeddable":true,"href":"http:\/\/esclerosismultiplegalicia.org\/index.php\/wp-json\/wp\/v2\/comments?post=1734"}],"version-history":[{"count":19,"href":"http:\/\/esclerosismultiplegalicia.org\/index.php\/wp-json\/wp\/v2\/pages\/1734\/revisions"}],"predecessor-version":[{"id":3477,"href":"http:\/\/esclerosismultiplegalicia.org\/index.php\/wp-json\/wp\/v2\/pages\/1734\/revisions\/3477"}],"wp:attachment":[{"href":"http:\/\/esclerosismultiplegalicia.org\/index.php\/wp-json\/wp\/v2\/media?parent=1734"}],"curies":[{"name":"wp","href":"https:\/\/api.w.org\/{rel}","templated":true}]}}